{"id":140,"date":"2018-12-04T05:58:37","date_gmt":"2018-12-04T07:58:37","guid":{"rendered":"https:\/\/www.sindifer-rio.org.br\/sis\/?page_id=140"},"modified":"2019-09-13T08:32:53","modified_gmt":"2019-09-13T11:32:53","slug":"quem-somos","status":"publish","type":"page","link":"https:\/\/www.sindifer-rio.org.br\/sis\/quem-somos\/","title":{"rendered":"Quem Somos"},"content":{"rendered":"\t\t<div data-elementor-type=\"wp-post\" data-elementor-id=\"140\" class=\"elementor elementor-140\">\n\t\t\t\t\t\t<section class=\"elementor-section elementor-top-section elementor-element elementor-element-6c26b5d elementor-section-boxed elementor-section-height-default elementor-section-height-default\" data-id=\"6c26b5d\" data-element_type=\"section\" data-e-type=\"section\">\n\t\t\t\t\t\t<div class=\"elementor-container elementor-column-gap-default\">\n\t\t\t\t\t<div class=\"aux-parallax-section elementor-column elementor-col-100 elementor-top-column elementor-element elementor-element-c17258e\" data-id=\"c17258e\" data-element_type=\"column\" data-e-type=\"column\">\n\t\t\t<div class=\"elementor-widget-wrap elementor-element-populated\">\n\t\t\t\t\t\t<div class=\"elementor-element elementor-element-1db117c aux-appear-watch-animation aux-fade-in-right elementor-widget elementor-widget-aux_modern_heading\" data-id=\"1db117c\" data-element_type=\"widget\" data-e-type=\"widget\" data-widget_type=\"aux_modern_heading.default\">\n\t\t\t\t<div class=\"elementor-widget-container\">\n\t\t\t\t\t<section class=\"aux-widget-modern-heading\">\n            <div class=\"aux-widget-inner\"><h2 class=\"aux-modern-heading-primary\">MISS\u00c3O - QUEM SOMOS - REPRESENTA\u00c7\u00c3O<\/h2><h3 class=\"aux-modern-heading-secondary\"><span class=\"aux-head-before\">O Sindicato Com\u00e9rcio Varejista Maquinismos, Ferragens, Tintas, Lou\u00e7as, Vidros do Munic\u00edpio do Rio de Janeiro \u2013 Sindifer-Rio, fundado no dia 07 de mar\u00e7o de 1942.<\/span><\/h3><div class=\"aux-modern-heading-divider\"><\/div><\/div>\n        <\/section>\t\t\t\t<\/div>\n\t\t\t\t<\/div>\n\t\t\t\t<section class=\"elementor-section elementor-inner-section elementor-element elementor-element-03e7f69 elementor-section-boxed elementor-section-height-default elementor-section-height-default\" data-id=\"03e7f69\" data-element_type=\"section\" data-e-type=\"section\">\n\t\t\t\t\t\t<div class=\"elementor-container elementor-column-gap-default\">\n\t\t\t\t\t<div class=\"aux-parallax-section elementor-column elementor-col-50 elementor-inner-column elementor-element elementor-element-4e174f0\" data-id=\"4e174f0\" data-element_type=\"column\" data-e-type=\"column\">\n\t\t\t<div class=\"elementor-widget-wrap elementor-element-populated\">\n\t\t\t\t\t\t<div class=\"elementor-element elementor-element-a8d0c08 aux-appear-watch-animation aux-fade-in elementor-widget elementor-widget-aux_modern_heading\" data-id=\"a8d0c08\" data-element_type=\"widget\" data-e-type=\"widget\" data-widget_type=\"aux_modern_heading.default\">\n\t\t\t\t<div class=\"elementor-widget-container\">\n\t\t\t\t\t<section class=\"aux-widget-modern-heading\">\n            <div class=\"aux-widget-inner\"><h2 class=\"aux-modern-heading-primary\"><\/h2><div class=\"aux-modern-heading-description\"><p>Em 20 de novembro de 2000, o Minist\u00e9rio do Trabalho autorizou a modifica\u00e7\u00e3o da altera\u00e7\u00e3o estatut\u00e1ria de denomina\u00e7\u00e3o e categoria passando a denominar-se\u00a0<strong>Sindicato Com\u00e9rcio Varejista de Maquinismo, Ferragens, Tintas, Lou\u00e7as, Vidros e Materiais para Constru\u00e7\u00e3o a varejo do Munic\u00edpio do Rio de Janeiro<\/strong>, a fim de melhor delimitar sua abrang\u00eancia de representa\u00e7\u00e3o.<br \/><br \/>Representante da categoria mencionada no munic\u00edpio do Rio de Janeiro, um dos 51 sindicatos patronais filiados \u00e0 FECOMERCIO-RIO; e, com mais de cinco mil empresas, contribuintes\/associadas. Os n\u00fameros falam por si s\u00f3: o Sindifer-Rio \u00e9 a voz do com\u00e9rcio varejista em quest\u00e3o. Mais importante que a sua abrang\u00eancia \u00e9 o\u00a0<strong>perfil atuante<\/strong>\u00a0da entidade, que se dedica a defender os interesses de suas associadas nas mais diversas frentes.\u00a0<\/p><\/div><\/div>\n        <\/section>\t\t\t\t<\/div>\n\t\t\t\t<\/div>\n\t\t\t\t\t<\/div>\n\t\t<\/div>\n\t\t\t\t<div class=\"aux-parallax-section elementor-column elementor-col-50 elementor-inner-column elementor-element elementor-element-783f0c0\" data-id=\"783f0c0\" data-element_type=\"column\" data-e-type=\"column\">\n\t\t\t<div class=\"elementor-widget-wrap elementor-element-populated\">\n\t\t\t\t\t\t<div class=\"elementor-element elementor-element-ef121cd aux-appear-watch-animation aux-fade-in elementor-widget elementor-widget-aux_modern_heading\" data-id=\"ef121cd\" data-element_type=\"widget\" data-e-type=\"widget\" data-widget_type=\"aux_modern_heading.default\">\n\t\t\t\t<div class=\"elementor-widget-container\">\n\t\t\t\t\t<section class=\"aux-widget-modern-heading\">\n            <div class=\"aux-widget-inner\"><h2 class=\"aux-modern-heading-primary\"><\/h2><div class=\"aux-modern-heading-description\"><p>Em sua exist\u00eancia, esta Institui\u00e7\u00e3o sem fins lucrativos, coleciona vit\u00f3rias em v\u00e1rias frentes abertas em defesa do com\u00e9rcio.<br \/><br \/>Destacamos duas palavras que sintetizam a atua\u00e7\u00e3o dessa entidade:<strong>\u00a0\u201cCompromisso e Efici\u00eancia\u201d<\/strong>. Por isso que nos tornamos um importante parceiro das empresas varejistas no munic\u00edpio do Rio de Janeiro na busca pelo desenvolvimento. Afinal, por mais profissional que seja a administra\u00e7\u00e3o de uma empresa, ela est\u00e1 sujeita a influ\u00eancias externas \u2013 como quest\u00f5es trabalhistas, exig\u00eancias ambientais, mudan\u00e7as tribut\u00e1rias, e com isso em mente, o Sindifer-Rio atua para garantir a participa\u00e7\u00e3o ativa no desenvolvimento dos neg\u00f3cios.\u00a0<\/p><\/div><\/div>\n        <\/section>\t\t\t\t<\/div>\n\t\t\t\t<\/div>\n\t\t\t\t\t<\/div>\n\t\t<\/div>\n\t\t\t\t\t<\/div>\n\t\t<\/section>\n\t\t\t\t<section class=\"elementor-section elementor-inner-section elementor-element elementor-element-c87cfde elementor-section-boxed elementor-section-height-default elementor-section-height-default\" data-id=\"c87cfde\" data-element_type=\"section\" data-e-type=\"section\">\n\t\t\t\t\t\t<div class=\"elementor-container elementor-column-gap-default\">\n\t\t\t\t\t<div class=\"aux-parallax-section elementor-column elementor-col-50 elementor-inner-column elementor-element elementor-element-f325354\" data-id=\"f325354\" data-element_type=\"column\" data-e-type=\"column\">\n\t\t\t<div class=\"elementor-widget-wrap elementor-element-populated\">\n\t\t\t\t\t\t<div class=\"aux-parallax-piece elementor-element elementor-element-64e5271 elementor-widget elementor-widget-aux_simple_svg\" data-parallax-origin=\"middle\" data-parallax-depth=\"0.07\" data-parallax-off=\"1024\" data-id=\"64e5271\" data-element_type=\"widget\" data-e-type=\"widget\" data-widget_type=\"aux_simple_svg.default\">\n\t\t\t\t<div class=\"elementor-widget-container\">\n\t\t\t\t\t    <div class=\"aux-widget-container aux-simple-svg-container\">\n        <div class=\"aux-widget-container-inner\">\n            <div class=\"aux-the-svg\"><img decoding=\"async\" src=\"https:\/\/www.sindifer-rio.org.br\/sis\/wp-content\/uploads\/2018\/12\/QuemSomos-Img.jpg\" title=\"QuemSomos-Img\" alt=\"QuemSomos-Img\" loading=\"lazy\" \/><\/div>\n        <\/div>\n    <\/div>\n    \t\t\t\t<\/div>\n\t\t\t\t<\/div>\n\t\t\t\t\t<\/div>\n\t\t<\/div>\n\t\t\t\t<div class=\"aux-parallax-section elementor-column elementor-col-50 elementor-inner-column elementor-element elementor-element-1b01f42\" data-id=\"1b01f42\" data-element_type=\"column\" data-e-type=\"column\">\n\t\t\t<div class=\"elementor-widget-wrap elementor-element-populated\">\n\t\t\t\t\t\t<div class=\"elementor-element elementor-element-318b145 elementor-widget elementor-widget-aux_modern_heading\" data-id=\"318b145\" data-element_type=\"widget\" data-e-type=\"widget\" data-widget_type=\"aux_modern_heading.default\">\n\t\t\t\t<div class=\"elementor-widget-container\">\n\t\t\t\t\t<section class=\"aux-widget-modern-heading\">\n            <div class=\"aux-widget-inner\"><h2 class=\"aux-modern-heading-primary\"><\/h2><div class=\"aux-modern-heading-divider\"><\/div><div class=\"aux-modern-heading-description\"><p>Uma de suas principais prerrogativas \u00e9 a de conduzir negocia\u00e7\u00f5es coletivas e celebrar conven\u00e7\u00f5es coletivas de trabalho, al\u00e9m de instaurar e promover defesas nos diss\u00eddios coletivos.<br \/><br \/>Como associada dessa institui\u00e7\u00e3o, sua empresa conta com a\u00a0<strong>for\u00e7a e a credibilidade<\/strong>\u00a0do Sindifer-Rio, reconhecido em todo o munic\u00edpio do Rio de Janeiro pelas a\u00e7\u00f5es que realiza para superar, cada vez mais, as expectativas de crescimento das empresas.<br \/><br \/>Com o objetivo de qualificar o empresariado, por meio da dissemina\u00e7\u00e3o de valores de cidadania corporativa e responsabilidade social, junto com a Fecom\u00e9rcio, o Sindifer-Rio realiza e ap\u00f3ia semin\u00e1rios, palestras, eventos e feiras regionais e culturais, estimula o acesso a novas t\u00e9cnicas de gest\u00e3o e tecnologia da informa\u00e7\u00e3o, e edita trabalhos t\u00e9cnicos sobre assuntos de interesse da categoria.\u00a0<\/p><\/div><\/div>\n        <\/section>\t\t\t\t<\/div>\n\t\t\t\t<\/div>\n\t\t\t\t\t<\/div>\n\t\t<\/div>\n\t\t\t\t\t<\/div>\n\t\t<\/section>\n\t\t\t\t\t<\/div>\n\t\t<\/div>\n\t\t\t\t\t<\/div>\n\t\t<\/section>\n\t\t\t\t<section class=\"elementor-section elementor-top-section elementor-element elementor-element-cf07c0d elementor-section-boxed elementor-section-height-default elementor-section-height-default\" data-id=\"cf07c0d\" data-element_type=\"section\" data-e-type=\"section\">\n\t\t\t\t\t\t<div class=\"elementor-container elementor-column-gap-default\">\n\t\t\t\t\t<div class=\"aux-parallax-section elementor-column elementor-col-100 elementor-top-column elementor-element elementor-element-d933808\" data-id=\"d933808\" data-element_type=\"column\" data-e-type=\"column\">\n\t\t\t<div class=\"elementor-widget-wrap elementor-element-populated\">\n\t\t\t\t\t\t<div class=\"elementor-element elementor-element-3087420 aux-appear-watch-animation aux-fade-in-up elementor-widget elementor-widget-aux_modern_heading\" data-id=\"3087420\" data-element_type=\"widget\" data-e-type=\"widget\" data-widget_type=\"aux_modern_heading.default\">\n\t\t\t\t<div class=\"elementor-widget-container\">\n\t\t\t\t\t<section class=\"aux-widget-modern-heading\">\n            <div class=\"aux-widget-inner\"><h2 class=\"aux-modern-heading-primary\"><\/h2><div class=\"aux-modern-heading-divider\"><\/div><div class=\"aux-modern-heading-description\"><p>Este sindicato mant\u00e9m uma postura equilibrada frente \u00e0s diversas realidades do empresariado frente aos novos desafios de um mundo cada vez mais globalizado e menos homog\u00eaneo.\u00a0<br \/><br \/>Certo de que possui um desafio instigante, de vez que abrange uma gama de categorias econ\u00f4micas divulga constante de pesquisas, estudos e indicadores, para fornece subs\u00eddios para a tomada de decis\u00e3o dos empres\u00e1rios. Tamb\u00e9m busca, constantemente, firmar parcerias estrat\u00e9gicas, sempre visando ao fortalecimento do com\u00e9rcio varejista representado.<br \/><br \/>Assegurando \u00e0s empresas da categoria de maquinismos, ferragens, tintas, lou\u00e7as, vidros e materiais de constru\u00e7\u00e3o as melhores condi\u00e7\u00f5es para gerar resultados positivos e desenvolver a sociedade.<\/p><\/div><\/div>\n        <\/section>\t\t\t\t<\/div>\n\t\t\t\t<\/div>\n\t\t\t\t\t<\/div>\n\t\t<\/div>\n\t\t\t\t\t<\/div>\n\t\t<\/section>\n\t\t\t\t<\/div>\n\t\t","protected":false},"excerpt":{"rendered":"<p>MISS\u00c3O &#8211; QUEM SOMOS &#8211; REPRESENTA\u00c7\u00c3O O Sindicato Com\u00e9rcio Varejista Maquinismos, Ferragens, Tintas, Lou\u00e7as, Vidros do Munic\u00edpio do Rio de Janeiro \u2013 Sindifer-Rio, fundado no dia 07 de mar\u00e7o de 1942. Em 20 de novembro de 2000, o Minist\u00e9rio do Trabalho autorizou a modifica\u00e7\u00e3o da altera\u00e7\u00e3o estatut\u00e1ria de denomina\u00e7\u00e3o e categoria passando a denominar-se\u00a0Sindicato Com\u00e9rcio [&hellip;]<\/p>\n","protected":false},"author":1,"featured_media":0,"parent":0,"menu_order":0,"comment_status":"closed","ping_status":"closed","template":"","meta":{"_joinchat":[],"footnotes":""},"class_list":["post-140","page","type-page","status-publish","hentry"],"yoast_head":"<!-- This site is optimized with the Yoast SEO plugin v27.2 - https:\/\/yoast.com\/product\/yoast-seo-wordpress\/ -->\n<title>Quem Somos - Sindifer-Rio<\/title>\n<meta name=\"robots\" content=\"index, follow, max-snippet:-1, max-image-preview:large, max-video-preview:-1\" \/>\n<link rel=\"canonical\" href=\"https:\/\/www.sindifer-rio.org.br\/sis\/quem-somos\/\" \/>\n<meta property=\"og:locale\" content=\"pt_BR\" \/>\n<meta property=\"og:type\" content=\"article\" \/>\n<meta property=\"og:title\" content=\"Quem Somos - Sindifer-Rio\" \/>\n<meta property=\"og:description\" content=\"MISS\u00c3O &#8211; QUEM SOMOS &#8211; REPRESENTA\u00c7\u00c3O O Sindicato Com\u00e9rcio Varejista Maquinismos, Ferragens, Tintas, Lou\u00e7as, Vidros do Munic\u00edpio do Rio de Janeiro \u2013 Sindifer-Rio, fundado no dia 07 de mar\u00e7o de 1942. Em 20 de novembro de 2000, o Minist\u00e9rio do Trabalho autorizou a modifica\u00e7\u00e3o da altera\u00e7\u00e3o estatut\u00e1ria de denomina\u00e7\u00e3o e categoria passando a denominar-se\u00a0Sindicato Com\u00e9rcio [&hellip;]\" \/>\n<meta property=\"og:url\" content=\"https:\/\/www.sindifer-rio.org.br\/sis\/quem-somos\/\" \/>\n<meta property=\"og:site_name\" content=\"Sindifer-Rio\" \/>\n<meta property=\"article:modified_time\" content=\"2019-09-13T11:32:53+00:00\" \/>\n<meta property=\"og:image\" content=\"https:\/\/www.sindifer-rio.org.br\/sis\/wp-content\/uploads\/2018\/12\/QuemSomos-Img.jpg\" \/>\n<meta name=\"twitter:card\" content=\"summary_large_image\" \/>\n<meta name=\"twitter:label1\" content=\"Est. tempo de leitura\" \/>\n\t<meta name=\"twitter:data1\" content=\"3 minutos\" \/>\n<script type=\"application\/ld+json\" class=\"yoast-schema-graph\">{\"@context\":\"https:\/\/schema.org\",\"@graph\":[{\"@type\":\"WebPage\",\"@id\":\"https:\/\/www.sindifer-rio.org.br\/sis\/quem-somos\/\",\"url\":\"https:\/\/www.sindifer-rio.org.br\/sis\/quem-somos\/\",\"name\":\"Quem Somos - Sindifer-Rio\",\"isPartOf\":{\"@id\":\"https:\/\/www.sindifer-rio.org.br\/sis\/#website\"},\"primaryImageOfPage\":{\"@id\":\"https:\/\/www.sindifer-rio.org.br\/sis\/quem-somos\/#primaryimage\"},\"image\":{\"@id\":\"https:\/\/www.sindifer-rio.org.br\/sis\/quem-somos\/#primaryimage\"},\"thumbnailUrl\":\"https:\/\/www.sindifer-rio.org.br\/sis\/wp-content\/uploads\/2018\/12\/QuemSomos-Img.jpg\",\"datePublished\":\"2018-12-04T07:58:37+00:00\",\"dateModified\":\"2019-09-13T11:32:53+00:00\",\"breadcrumb\":{\"@id\":\"https:\/\/www.sindifer-rio.org.br\/sis\/quem-somos\/#breadcrumb\"},\"inLanguage\":\"pt-BR\",\"potentialAction\":[{\"@type\":\"ReadAction\",\"target\":[\"https:\/\/www.sindifer-rio.org.br\/sis\/quem-somos\/\"]}]},{\"@type\":\"ImageObject\",\"inLanguage\":\"pt-BR\",\"@id\":\"https:\/\/www.sindifer-rio.org.br\/sis\/quem-somos\/#primaryimage\",\"url\":\"https:\/\/www.sindifer-rio.org.br\/sis\/wp-content\/uploads\/2018\/12\/QuemSomos-Img.jpg\",\"contentUrl\":\"https:\/\/www.sindifer-rio.org.br\/sis\/wp-content\/uploads\/2018\/12\/QuemSomos-Img.jpg\",\"width\":759,\"height\":629},{\"@type\":\"BreadcrumbList\",\"@id\":\"https:\/\/www.sindifer-rio.org.br\/sis\/quem-somos\/#breadcrumb\",\"itemListElement\":[{\"@type\":\"ListItem\",\"position\":1,\"name\":\"Home\",\"item\":\"https:\/\/www.sindifer-rio.org.br\/sis\/\"},{\"@type\":\"ListItem\",\"position\":2,\"name\":\"Quem Somos\"}]},{\"@type\":\"WebSite\",\"@id\":\"https:\/\/www.sindifer-rio.org.br\/sis\/#website\",\"url\":\"https:\/\/www.sindifer-rio.org.br\/sis\/\",\"name\":\"Sindifer-Rio\",\"description\":\"Sindicato do Com\u00e9rcio Varejista de Maquinismo, Ferragens, Tintas, Lou\u00e7as, Vidros e Materiais para Constru\u00e7\u00e3o a Varejo do Munic\u00edpio do Rio de Janeiro\",\"publisher\":{\"@id\":\"https:\/\/www.sindifer-rio.org.br\/sis\/#organization\"},\"potentialAction\":[{\"@type\":\"SearchAction\",\"target\":{\"@type\":\"EntryPoint\",\"urlTemplate\":\"https:\/\/www.sindifer-rio.org.br\/sis\/?s={search_term_string}\"},\"query-input\":{\"@type\":\"PropertyValueSpecification\",\"valueRequired\":true,\"valueName\":\"search_term_string\"}}],\"inLanguage\":\"pt-BR\"},{\"@type\":\"Organization\",\"@id\":\"https:\/\/www.sindifer-rio.org.br\/sis\/#organization\",\"name\":\"Sindifer-Rio\",\"url\":\"https:\/\/www.sindifer-rio.org.br\/sis\/\",\"logo\":{\"@type\":\"ImageObject\",\"inLanguage\":\"pt-BR\",\"@id\":\"https:\/\/www.sindifer-rio.org.br\/sis\/#\/schema\/logo\/image\/\",\"url\":\"https:\/\/www.sindifer-rio.org.br\/sis\/wp-content\/uploads\/2021\/12\/cropped-Logo-Sindifer-2013-curva-fecomercio_med.jpg\",\"contentUrl\":\"https:\/\/www.sindifer-rio.org.br\/sis\/wp-content\/uploads\/2021\/12\/cropped-Logo-Sindifer-2013-curva-fecomercio_med.jpg\",\"width\":193,\"height\":73,\"caption\":\"Sindifer-Rio\"},\"image\":{\"@id\":\"https:\/\/www.sindifer-rio.org.br\/sis\/#\/schema\/logo\/image\/\"},\"sameAs\":[\"https:\/\/www.instagram.com\/sindiferrio\",\"https:\/\/wa.me\/5521984838085\"]}]}<\/script>\n<!-- \/ Yoast SEO plugin. -->","yoast_head_json":{"title":"Quem Somos - Sindifer-Rio","robots":{"index":"index","follow":"follow","max-snippet":"max-snippet:-1","max-image-preview":"max-image-preview:large","max-video-preview":"max-video-preview:-1"},"canonical":"https:\/\/www.sindifer-rio.org.br\/sis\/quem-somos\/","og_locale":"pt_BR","og_type":"article","og_title":"Quem Somos - Sindifer-Rio","og_description":"MISS\u00c3O &#8211; QUEM SOMOS &#8211; REPRESENTA\u00c7\u00c3O O Sindicato Com\u00e9rcio Varejista Maquinismos, Ferragens, Tintas, Lou\u00e7as, Vidros do Munic\u00edpio do Rio de Janeiro \u2013 Sindifer-Rio, fundado no dia 07 de mar\u00e7o de 1942. Em 20 de novembro de 2000, o Minist\u00e9rio do Trabalho autorizou a modifica\u00e7\u00e3o da altera\u00e7\u00e3o estatut\u00e1ria de denomina\u00e7\u00e3o e categoria passando a denominar-se\u00a0Sindicato Com\u00e9rcio [&hellip;]","og_url":"https:\/\/www.sindifer-rio.org.br\/sis\/quem-somos\/","og_site_name":"Sindifer-Rio","article_modified_time":"2019-09-13T11:32:53+00:00","og_image":[{"url":"https:\/\/www.sindifer-rio.org.br\/sis\/wp-content\/uploads\/2018\/12\/QuemSomos-Img.jpg","type":"","width":"","height":""}],"twitter_card":"summary_large_image","twitter_misc":{"Est. tempo de leitura":"3 minutos"},"schema":{"@context":"https:\/\/schema.org","@graph":[{"@type":"WebPage","@id":"https:\/\/www.sindifer-rio.org.br\/sis\/quem-somos\/","url":"https:\/\/www.sindifer-rio.org.br\/sis\/quem-somos\/","name":"Quem Somos - Sindifer-Rio","isPartOf":{"@id":"https:\/\/www.sindifer-rio.org.br\/sis\/#website"},"primaryImageOfPage":{"@id":"https:\/\/www.sindifer-rio.org.br\/sis\/quem-somos\/#primaryimage"},"image":{"@id":"https:\/\/www.sindifer-rio.org.br\/sis\/quem-somos\/#primaryimage"},"thumbnailUrl":"https:\/\/www.sindifer-rio.org.br\/sis\/wp-content\/uploads\/2018\/12\/QuemSomos-Img.jpg","datePublished":"2018-12-04T07:58:37+00:00","dateModified":"2019-09-13T11:32:53+00:00","breadcrumb":{"@id":"https:\/\/www.sindifer-rio.org.br\/sis\/quem-somos\/#breadcrumb"},"inLanguage":"pt-BR","potentialAction":[{"@type":"ReadAction","target":["https:\/\/www.sindifer-rio.org.br\/sis\/quem-somos\/"]}]},{"@type":"ImageObject","inLanguage":"pt-BR","@id":"https:\/\/www.sindifer-rio.org.br\/sis\/quem-somos\/#primaryimage","url":"https:\/\/www.sindifer-rio.org.br\/sis\/wp-content\/uploads\/2018\/12\/QuemSomos-Img.jpg","contentUrl":"https:\/\/www.sindifer-rio.org.br\/sis\/wp-content\/uploads\/2018\/12\/QuemSomos-Img.jpg","width":759,"height":629},{"@type":"BreadcrumbList","@id":"https:\/\/www.sindifer-rio.org.br\/sis\/quem-somos\/#breadcrumb","itemListElement":[{"@type":"ListItem","position":1,"name":"Home","item":"https:\/\/www.sindifer-rio.org.br\/sis\/"},{"@type":"ListItem","position":2,"name":"Quem Somos"}]},{"@type":"WebSite","@id":"https:\/\/www.sindifer-rio.org.br\/sis\/#website","url":"https:\/\/www.sindifer-rio.org.br\/sis\/","name":"Sindifer-Rio","description":"Sindicato do Com\u00e9rcio Varejista de Maquinismo, Ferragens, Tintas, Lou\u00e7as, Vidros e Materiais para Constru\u00e7\u00e3o a Varejo do Munic\u00edpio do Rio de Janeiro","publisher":{"@id":"https:\/\/www.sindifer-rio.org.br\/sis\/#organization"},"potentialAction":[{"@type":"SearchAction","target":{"@type":"EntryPoint","urlTemplate":"https:\/\/www.sindifer-rio.org.br\/sis\/?s={search_term_string}"},"query-input":{"@type":"PropertyValueSpecification","valueRequired":true,"valueName":"search_term_string"}}],"inLanguage":"pt-BR"},{"@type":"Organization","@id":"https:\/\/www.sindifer-rio.org.br\/sis\/#organization","name":"Sindifer-Rio","url":"https:\/\/www.sindifer-rio.org.br\/sis\/","logo":{"@type":"ImageObject","inLanguage":"pt-BR","@id":"https:\/\/www.sindifer-rio.org.br\/sis\/#\/schema\/logo\/image\/","url":"https:\/\/www.sindifer-rio.org.br\/sis\/wp-content\/uploads\/2021\/12\/cropped-Logo-Sindifer-2013-curva-fecomercio_med.jpg","contentUrl":"https:\/\/www.sindifer-rio.org.br\/sis\/wp-content\/uploads\/2021\/12\/cropped-Logo-Sindifer-2013-curva-fecomercio_med.jpg","width":193,"height":73,"caption":"Sindifer-Rio"},"image":{"@id":"https:\/\/www.sindifer-rio.org.br\/sis\/#\/schema\/logo\/image\/"},"sameAs":["https:\/\/www.instagram.com\/sindiferrio","https:\/\/wa.me\/5521984838085"]}]}},"_links":{"self":[{"href":"https:\/\/www.sindifer-rio.org.br\/sis\/wp-json\/wp\/v2\/pages\/140","targetHints":{"allow":["GET"]}}],"collection":[{"href":"https:\/\/www.sindifer-rio.org.br\/sis\/wp-json\/wp\/v2\/pages"}],"about":[{"href":"https:\/\/www.sindifer-rio.org.br\/sis\/wp-json\/wp\/v2\/types\/page"}],"author":[{"embeddable":true,"href":"https:\/\/www.sindifer-rio.org.br\/sis\/wp-json\/wp\/v2\/users\/1"}],"replies":[{"embeddable":true,"href":"https:\/\/www.sindifer-rio.org.br\/sis\/wp-json\/wp\/v2\/comments?post=140"}],"version-history":[{"count":0,"href":"https:\/\/www.sindifer-rio.org.br\/sis\/wp-json\/wp\/v2\/pages\/140\/revisions"}],"wp:attachment":[{"href":"https:\/\/www.sindifer-rio.org.br\/sis\/wp-json\/wp\/v2\/media?parent=140"}],"curies":[{"name":"wp","href":"https:\/\/api.w.org\/{rel}","templated":true}]}}