{"id":1467,"date":"2024-04-11T15:37:25","date_gmt":"2024-04-11T18:37:25","guid":{"rendered":"https:\/\/www.sindifer-rio.org.br\/sis\/?page_id=1467"},"modified":"2024-04-11T15:44:39","modified_gmt":"2024-04-11T18:44:39","slug":"politica-de-cookies","status":"publish","type":"page","link":"https:\/\/www.sindifer-rio.org.br\/sis\/politica-de-cookies\/","title":{"rendered":"Pol\u00edtica de Cookies"},"content":{"rendered":"\r\n<h3 class=\"s1 wp-block-heading\">AVISO DE COOKIES \u2013 WEBSITE sindifer-rio.org.br<\/h3>\r\n<p>O presente Aviso de Cookies \u00e9 um documento complementar ao Aviso de Privacidade apresentado no website (www.sindifer-rio.org.br) do<strong> Sindicato Com\u00e9rcio Varejista Maquinismos, Ferragens, Tintas, Lou\u00e7as, Vidros do Munic\u00edpio do Rio de Janeiro \u2013 Sindifer-Rio.<\/strong><\/p>\r\n<p><br \/>Cookies s\u00e3o pequenos arquivos de texto ou fragmentos de informa\u00e7\u00e3o que s\u00e3o baixados em seu computador, smartphone ou qualquer outro dispositivo com acesso \u00e0 internet quando voc\u00ea visita um website.<\/p>\r\n<p><br \/><strong>Este website utiliza cookies funcionais, considerados essenciais, para o seu funcionamento.<\/strong><\/p>\r\n<p><br \/>Voc\u00ea pode encontrar links para ambientes externos cujas pol\u00edticas de privacidade n\u00e3o s\u00e3o de responsabilidade do SINDIFER-RIO.<\/p>\r\n<p><br \/>Para n\u00f3s a privacidade e confian\u00e7a s\u00e3o fundamentais para a nossa rela\u00e7\u00e3o com voc\u00ea. Estamos sempre nos atualizando para manter os mais altos padr\u00f5es de seguran\u00e7a.<\/p>\r\n<p><br \/>Assim, reservamo-nos o direito de alterar este Aviso de Cookies a qualquer tempo. As mudan\u00e7as entrar\u00e3o em vigor logo ap\u00f3s a publica\u00e7\u00e3o.<\/p>\r\n<p><br \/>Ao continuar a navega\u00e7\u00e3o nas nossas aplica\u00e7\u00f5es ap\u00f3s as eventuais mudan\u00e7as se tornarem eficazes, voc\u00ea concorda com elas. Aconselhamos que voc\u00ea sempre verifique este Aviso, bem como o Aviso de Privacidade do website.<\/p>\r\n<p><br \/>Em caso de d\u00favidas sobre este Aviso de Cookies, entre em contato conosco por meio do e-mail abaixo:<br \/>contato@sindifer-rio.org.br<\/p>\r\n<p><br \/>Este Aviso de Cookies foi atualizado pela \u00faltima vez em 05 de setembro de 2023.<\/p>\r\n<p><\/p>","protected":false},"excerpt":{"rendered":"<p>AVISO DE COOKIES \u2013 WEBSITE sindifer-rio.org.br O presente Aviso de Cookies \u00e9 um documento complementar ao Aviso de Privacidade apresentado no website (www.sindifer-rio.org.br) do Sindicato Com\u00e9rcio Varejista Maquinismos, Ferragens, Tintas, Lou\u00e7as, Vidros do Munic\u00edpio do Rio de Janeiro \u2013 Sindifer-Rio. Cookies s\u00e3o pequenos arquivos de texto ou fragmentos de informa\u00e7\u00e3o que s\u00e3o baixados em seu [&hellip;]<\/p>\n","protected":false},"author":1,"featured_media":0,"parent":0,"menu_order":0,"comment_status":"closed","ping_status":"open","template":"","meta":{"_joinchat":[],"footnotes":""},"class_list":["post-1467","page","type-page","status-publish","hentry"],"yoast_head":"<!-- This site is optimized with the Yoast SEO plugin v27.2 - https:\/\/yoast.com\/product\/yoast-seo-wordpress\/ -->\n<title>Pol\u00edtica de Cookies - Sindifer-Rio<\/title>\n<meta name=\"robots\" content=\"index, follow, max-snippet:-1, max-image-preview:large, max-video-preview:-1\" \/>\n<link rel=\"canonical\" href=\"https:\/\/www.sindifer-rio.org.br\/sis\/politica-de-cookies\/\" \/>\n<meta property=\"og:locale\" content=\"pt_BR\" \/>\n<meta property=\"og:type\" content=\"article\" \/>\n<meta property=\"og:title\" content=\"Pol\u00edtica de Cookies - Sindifer-Rio\" \/>\n<meta property=\"og:description\" content=\"AVISO DE COOKIES \u2013 WEBSITE sindifer-rio.org.br O presente Aviso de Cookies \u00e9 um documento complementar ao Aviso de Privacidade apresentado no website (www.sindifer-rio.org.br) do Sindicato Com\u00e9rcio Varejista Maquinismos, Ferragens, Tintas, Lou\u00e7as, Vidros do Munic\u00edpio do Rio de Janeiro \u2013 Sindifer-Rio. Cookies s\u00e3o pequenos arquivos de texto ou fragmentos de informa\u00e7\u00e3o que s\u00e3o baixados em seu [&hellip;]\" \/>\n<meta property=\"og:url\" content=\"https:\/\/www.sindifer-rio.org.br\/sis\/politica-de-cookies\/\" \/>\n<meta property=\"og:site_name\" content=\"Sindifer-Rio\" \/>\n<meta property=\"article:modified_time\" content=\"2024-04-11T18:44:39+00:00\" \/>\n<meta name=\"twitter:card\" content=\"summary_large_image\" \/>\n<meta name=\"twitter:label1\" content=\"Est. tempo de leitura\" \/>\n\t<meta name=\"twitter:data1\" content=\"2 minutos\" \/>\n<script type=\"application\/ld+json\" class=\"yoast-schema-graph\">{\"@context\":\"https:\/\/schema.org\",\"@graph\":[{\"@type\":\"WebPage\",\"@id\":\"https:\/\/www.sindifer-rio.org.br\/sis\/politica-de-cookies\/\",\"url\":\"https:\/\/www.sindifer-rio.org.br\/sis\/politica-de-cookies\/\",\"name\":\"Pol\u00edtica de Cookies - Sindifer-Rio\",\"isPartOf\":{\"@id\":\"https:\/\/www.sindifer-rio.org.br\/sis\/#website\"},\"datePublished\":\"2024-04-11T18:37:25+00:00\",\"dateModified\":\"2024-04-11T18:44:39+00:00\",\"breadcrumb\":{\"@id\":\"https:\/\/www.sindifer-rio.org.br\/sis\/politica-de-cookies\/#breadcrumb\"},\"inLanguage\":\"pt-BR\",\"potentialAction\":[{\"@type\":\"ReadAction\",\"target\":[\"https:\/\/www.sindifer-rio.org.br\/sis\/politica-de-cookies\/\"]}]},{\"@type\":\"BreadcrumbList\",\"@id\":\"https:\/\/www.sindifer-rio.org.br\/sis\/politica-de-cookies\/#breadcrumb\",\"itemListElement\":[{\"@type\":\"ListItem\",\"position\":1,\"name\":\"Home\",\"item\":\"https:\/\/www.sindifer-rio.org.br\/sis\/\"},{\"@type\":\"ListItem\",\"position\":2,\"name\":\"Pol\u00edtica de Cookies\"}]},{\"@type\":\"WebSite\",\"@id\":\"https:\/\/www.sindifer-rio.org.br\/sis\/#website\",\"url\":\"https:\/\/www.sindifer-rio.org.br\/sis\/\",\"name\":\"Sindifer-Rio\",\"description\":\"Sindicato do Com\u00e9rcio Varejista de Maquinismo, Ferragens, Tintas, Lou\u00e7as, Vidros e Materiais para Constru\u00e7\u00e3o a Varejo do Munic\u00edpio do Rio de Janeiro\",\"publisher\":{\"@id\":\"https:\/\/www.sindifer-rio.org.br\/sis\/#organization\"},\"potentialAction\":[{\"@type\":\"SearchAction\",\"target\":{\"@type\":\"EntryPoint\",\"urlTemplate\":\"https:\/\/www.sindifer-rio.org.br\/sis\/?s={search_term_string}\"},\"query-input\":{\"@type\":\"PropertyValueSpecification\",\"valueRequired\":true,\"valueName\":\"search_term_string\"}}],\"inLanguage\":\"pt-BR\"},{\"@type\":\"Organization\",\"@id\":\"https:\/\/www.sindifer-rio.org.br\/sis\/#organization\",\"name\":\"Sindifer-Rio\",\"url\":\"https:\/\/www.sindifer-rio.org.br\/sis\/\",\"logo\":{\"@type\":\"ImageObject\",\"inLanguage\":\"pt-BR\",\"@id\":\"https:\/\/www.sindifer-rio.org.br\/sis\/#\/schema\/logo\/image\/\",\"url\":\"https:\/\/www.sindifer-rio.org.br\/sis\/wp-content\/uploads\/2021\/12\/cropped-Logo-Sindifer-2013-curva-fecomercio_med.jpg\",\"contentUrl\":\"https:\/\/www.sindifer-rio.org.br\/sis\/wp-content\/uploads\/2021\/12\/cropped-Logo-Sindifer-2013-curva-fecomercio_med.jpg\",\"width\":193,\"height\":73,\"caption\":\"Sindifer-Rio\"},\"image\":{\"@id\":\"https:\/\/www.sindifer-rio.org.br\/sis\/#\/schema\/logo\/image\/\"},\"sameAs\":[\"https:\/\/www.instagram.com\/sindiferrio\",\"https:\/\/wa.me\/5521984838085\"]}]}<\/script>\n<!-- \/ Yoast SEO plugin. -->","yoast_head_json":{"title":"Pol\u00edtica de Cookies - Sindifer-Rio","robots":{"index":"index","follow":"follow","max-snippet":"max-snippet:-1","max-image-preview":"max-image-preview:large","max-video-preview":"max-video-preview:-1"},"canonical":"https:\/\/www.sindifer-rio.org.br\/sis\/politica-de-cookies\/","og_locale":"pt_BR","og_type":"article","og_title":"Pol\u00edtica de Cookies - Sindifer-Rio","og_description":"AVISO DE COOKIES \u2013 WEBSITE sindifer-rio.org.br O presente Aviso de Cookies \u00e9 um documento complementar ao Aviso de Privacidade apresentado no website (www.sindifer-rio.org.br) do Sindicato Com\u00e9rcio Varejista Maquinismos, Ferragens, Tintas, Lou\u00e7as, Vidros do Munic\u00edpio do Rio de Janeiro \u2013 Sindifer-Rio. Cookies s\u00e3o pequenos arquivos de texto ou fragmentos de informa\u00e7\u00e3o que s\u00e3o baixados em seu [&hellip;]","og_url":"https:\/\/www.sindifer-rio.org.br\/sis\/politica-de-cookies\/","og_site_name":"Sindifer-Rio","article_modified_time":"2024-04-11T18:44:39+00:00","twitter_card":"summary_large_image","twitter_misc":{"Est. tempo de leitura":"2 minutos"},"schema":{"@context":"https:\/\/schema.org","@graph":[{"@type":"WebPage","@id":"https:\/\/www.sindifer-rio.org.br\/sis\/politica-de-cookies\/","url":"https:\/\/www.sindifer-rio.org.br\/sis\/politica-de-cookies\/","name":"Pol\u00edtica de Cookies - Sindifer-Rio","isPartOf":{"@id":"https:\/\/www.sindifer-rio.org.br\/sis\/#website"},"datePublished":"2024-04-11T18:37:25+00:00","dateModified":"2024-04-11T18:44:39+00:00","breadcrumb":{"@id":"https:\/\/www.sindifer-rio.org.br\/sis\/politica-de-cookies\/#breadcrumb"},"inLanguage":"pt-BR","potentialAction":[{"@type":"ReadAction","target":["https:\/\/www.sindifer-rio.org.br\/sis\/politica-de-cookies\/"]}]},{"@type":"BreadcrumbList","@id":"https:\/\/www.sindifer-rio.org.br\/sis\/politica-de-cookies\/#breadcrumb","itemListElement":[{"@type":"ListItem","position":1,"name":"Home","item":"https:\/\/www.sindifer-rio.org.br\/sis\/"},{"@type":"ListItem","position":2,"name":"Pol\u00edtica de Cookies"}]},{"@type":"WebSite","@id":"https:\/\/www.sindifer-rio.org.br\/sis\/#website","url":"https:\/\/www.sindifer-rio.org.br\/sis\/","name":"Sindifer-Rio","description":"Sindicato do Com\u00e9rcio Varejista de Maquinismo, Ferragens, Tintas, Lou\u00e7as, Vidros e Materiais para Constru\u00e7\u00e3o a Varejo do Munic\u00edpio do Rio de Janeiro","publisher":{"@id":"https:\/\/www.sindifer-rio.org.br\/sis\/#organization"},"potentialAction":[{"@type":"SearchAction","target":{"@type":"EntryPoint","urlTemplate":"https:\/\/www.sindifer-rio.org.br\/sis\/?s={search_term_string}"},"query-input":{"@type":"PropertyValueSpecification","valueRequired":true,"valueName":"search_term_string"}}],"inLanguage":"pt-BR"},{"@type":"Organization","@id":"https:\/\/www.sindifer-rio.org.br\/sis\/#organization","name":"Sindifer-Rio","url":"https:\/\/www.sindifer-rio.org.br\/sis\/","logo":{"@type":"ImageObject","inLanguage":"pt-BR","@id":"https:\/\/www.sindifer-rio.org.br\/sis\/#\/schema\/logo\/image\/","url":"https:\/\/www.sindifer-rio.org.br\/sis\/wp-content\/uploads\/2021\/12\/cropped-Logo-Sindifer-2013-curva-fecomercio_med.jpg","contentUrl":"https:\/\/www.sindifer-rio.org.br\/sis\/wp-content\/uploads\/2021\/12\/cropped-Logo-Sindifer-2013-curva-fecomercio_med.jpg","width":193,"height":73,"caption":"Sindifer-Rio"},"image":{"@id":"https:\/\/www.sindifer-rio.org.br\/sis\/#\/schema\/logo\/image\/"},"sameAs":["https:\/\/www.instagram.com\/sindiferrio","https:\/\/wa.me\/5521984838085"]}]}},"_links":{"self":[{"href":"https:\/\/www.sindifer-rio.org.br\/sis\/wp-json\/wp\/v2\/pages\/1467","targetHints":{"allow":["GET"]}}],"collection":[{"href":"https:\/\/www.sindifer-rio.org.br\/sis\/wp-json\/wp\/v2\/pages"}],"about":[{"href":"https:\/\/www.sindifer-rio.org.br\/sis\/wp-json\/wp\/v2\/types\/page"}],"author":[{"embeddable":true,"href":"https:\/\/www.sindifer-rio.org.br\/sis\/wp-json\/wp\/v2\/users\/1"}],"replies":[{"embeddable":true,"href":"https:\/\/www.sindifer-rio.org.br\/sis\/wp-json\/wp\/v2\/comments?post=1467"}],"version-history":[{"count":0,"href":"https:\/\/www.sindifer-rio.org.br\/sis\/wp-json\/wp\/v2\/pages\/1467\/revisions"}],"wp:attachment":[{"href":"https:\/\/www.sindifer-rio.org.br\/sis\/wp-json\/wp\/v2\/media?parent=1467"}],"curies":[{"name":"wp","href":"https:\/\/api.w.org\/{rel}","templated":true}]}}