{"id":228,"date":"2019-08-07T08:49:50","date_gmt":"2019-08-07T11:49:50","guid":{"rendered":"https:\/\/www.sindifer-rio.org.br\/sis\/?page_id=228"},"modified":"2024-05-02T16:20:58","modified_gmt":"2024-05-02T19:20:58","slug":"representacao","status":"publish","type":"page","link":"https:\/\/www.sindifer-rio.org.br\/sis\/representacao\/","title":{"rendered":"Representa\u00e7\u00e3o"},"content":{"rendered":"\t\t<div data-elementor-type=\"wp-post\" data-elementor-id=\"228\" class=\"elementor elementor-228\">\n\t\t\t\t\t\t<section class=\"elementor-section elementor-top-section elementor-element elementor-element-6c26b5d elementor-section-boxed elementor-section-height-default elementor-section-height-default\" data-id=\"6c26b5d\" data-element_type=\"section\" data-e-type=\"section\">\n\t\t\t\t\t\t<div class=\"elementor-container elementor-column-gap-default\">\n\t\t\t\t\t<div class=\"aux-parallax-section elementor-column elementor-col-100 elementor-top-column elementor-element elementor-element-c17258e\" data-id=\"c17258e\" data-element_type=\"column\" data-e-type=\"column\">\n\t\t\t<div class=\"elementor-widget-wrap elementor-element-populated\">\n\t\t\t\t\t\t<div class=\"elementor-element elementor-element-1db117c aux-appear-watch-animation aux-fade-in-right elementor-widget elementor-widget-aux_modern_heading\" data-id=\"1db117c\" data-element_type=\"widget\" data-e-type=\"widget\" data-widget_type=\"aux_modern_heading.default\">\n\t\t\t\t<div class=\"elementor-widget-container\">\n\t\t\t\t\t<section class=\"aux-widget-modern-heading\">\n            <div class=\"aux-widget-inner\"><h2 class=\"aux-modern-heading-primary\"><\/h2><h3 class=\"aux-modern-heading-secondary\"><span class=\"aux-head-before\">SINDICATO DO COM\u00c9RCIO VAREJISTA DE MAQUINISMOS, FERRAGENS, TINTAS, LOU\u00c7AS, VIDROS E MATERIAIS PARA CONSTRU\u00c7\u00c3O A VAREJO DO MUNIC\u00cdPIO DO RIO DE JANEIRO CNPJ 33.531.658\/0001-89<\/span><\/h3><div class=\"aux-modern-heading-divider\"><\/div><\/div>\n        <\/section>\t\t\t\t<\/div>\n\t\t\t\t<\/div>\n\t\t\t\t<section class=\"elementor-section elementor-inner-section elementor-element elementor-element-03e7f69 elementor-section-full_width elementor-section-height-default elementor-section-height-default\" data-id=\"03e7f69\" data-element_type=\"section\" data-e-type=\"section\">\n\t\t\t\t\t\t<div class=\"elementor-container elementor-column-gap-default\">\n\t\t\t\t\t<div class=\"aux-parallax-section elementor-column elementor-col-50 elementor-inner-column elementor-element elementor-element-4e174f0\" data-id=\"4e174f0\" data-element_type=\"column\" data-e-type=\"column\">\n\t\t\t<div class=\"elementor-widget-wrap elementor-element-populated\">\n\t\t\t\t\t\t<div class=\"elementor-element elementor-element-a8d0c08 aux-appear-watch-animation aux-fade-in elementor-widget elementor-widget-aux_modern_heading\" data-id=\"a8d0c08\" data-element_type=\"widget\" data-e-type=\"widget\" data-widget_type=\"aux_modern_heading.default\">\n\t\t\t\t<div class=\"elementor-widget-container\">\n\t\t\t\t\t<section class=\"aux-widget-modern-heading\">\n            <div class=\"aux-widget-inner\"><h2 class=\"aux-modern-heading-primary\"><\/h2><div class=\"aux-modern-heading-description\"><p><strong>DIRETOR PRESIDENTE:<\/strong> Loureci da Fonseca<\/p><p><strong>DIRETOR SECRET\u00c1RIO:<\/strong> Sergio Roberto Gomes Sampaio<\/p><p><strong>DIRETOR TESOUREIRO:<\/strong> Edgard Francisco dos Santos<br \/><br \/><\/p><p><strong>SUPLENTES:<\/strong><\/p><ol><li>Jayme Ferreira Monteiro<\/li><li>Jos\u00e9 Moreira dos Santos<\/li><\/ol><p><strong>CONSELHO FISCAL:<\/strong><\/p><ol><li>Il\u00eddio da Silva Fernandes<\/li><li>M\u00e1rcia Santiago da Silva dos Santos<\/li><li>Andr\u00e9 Luiz Pimentel de Viveiros<\/li><\/ol><p><strong>SUPLENTE:<\/strong><\/p><ol><li>Marcelo Fernandes Boaventura<\/li><li>Herbert Parentes da Rocha Martins<\/li><\/ol><\/div><\/div>\n        <\/section>\t\t\t\t<\/div>\n\t\t\t\t<\/div>\n\t\t\t\t\t<\/div>\n\t\t<\/div>\n\t\t\t\t<div class=\"aux-parallax-section elementor-column elementor-col-50 elementor-inner-column elementor-element elementor-element-783f0c0\" data-id=\"783f0c0\" data-element_type=\"column\" data-e-type=\"column\">\n\t\t\t<div class=\"elementor-widget-wrap\">\n\t\t\t\t\t\t\t<\/div>\n\t\t<\/div>\n\t\t\t\t\t<\/div>\n\t\t<\/section>\n\t\t\t\t\t<\/div>\n\t\t<\/div>\n\t\t\t\t\t<\/div>\n\t\t<\/section>\n\t\t\t\t<\/div>\n\t\t","protected":false},"excerpt":{"rendered":"<p>SINDICATO DO COM\u00c9RCIO VAREJISTA DE MAQUINISMOS, FERRAGENS, TINTAS, LOU\u00c7AS, VIDROS E MATERIAIS PARA CONSTRU\u00c7\u00c3O A VAREJO DO MUNIC\u00cdPIO DO RIO DE JANEIRO CNPJ 33.531.658\/0001-89 DIRETOR PRESIDENTE: Loureci da Fonseca DIRETOR SECRET\u00c1RIO: Sergio Roberto Gomes Sampaio DIRETOR TESOUREIRO: Edgard Francisco dos Santos SUPLENTES: Jayme Ferreira Monteiro Jos\u00e9 Moreira dos Santos CONSELHO FISCAL: Il\u00eddio da Silva Fernandes [&hellip;]<\/p>\n","protected":false},"author":1,"featured_media":0,"parent":0,"menu_order":0,"comment_status":"closed","ping_status":"closed","template":"","meta":{"_joinchat":[],"footnotes":""},"class_list":["post-228","page","type-page","status-publish","hentry"],"yoast_head":"<!-- This site is optimized with the Yoast SEO plugin v27.2 - https:\/\/yoast.com\/product\/yoast-seo-wordpress\/ -->\n<title>Representa\u00e7\u00e3o - Sindifer-Rio<\/title>\n<meta name=\"robots\" content=\"index, follow, max-snippet:-1, max-image-preview:large, max-video-preview:-1\" \/>\n<link rel=\"canonical\" href=\"https:\/\/www.sindifer-rio.org.br\/sis\/representacao\/\" \/>\n<meta property=\"og:locale\" content=\"pt_BR\" \/>\n<meta property=\"og:type\" content=\"article\" \/>\n<meta property=\"og:title\" content=\"Representa\u00e7\u00e3o - Sindifer-Rio\" \/>\n<meta property=\"og:description\" content=\"SINDICATO DO COM\u00c9RCIO VAREJISTA DE MAQUINISMOS, FERRAGENS, TINTAS, LOU\u00c7AS, VIDROS E MATERIAIS PARA CONSTRU\u00c7\u00c3O A VAREJO DO MUNIC\u00cdPIO DO RIO DE JANEIRO CNPJ 33.531.658\/0001-89 DIRETOR PRESIDENTE: Loureci da Fonseca DIRETOR SECRET\u00c1RIO: Sergio Roberto Gomes Sampaio DIRETOR TESOUREIRO: Edgard Francisco dos Santos SUPLENTES: Jayme Ferreira Monteiro Jos\u00e9 Moreira dos Santos CONSELHO FISCAL: Il\u00eddio da Silva Fernandes [&hellip;]\" \/>\n<meta property=\"og:url\" content=\"https:\/\/www.sindifer-rio.org.br\/sis\/representacao\/\" \/>\n<meta property=\"og:site_name\" content=\"Sindifer-Rio\" \/>\n<meta property=\"article:modified_time\" content=\"2024-05-02T19:20:58+00:00\" \/>\n<meta name=\"twitter:card\" content=\"summary_large_image\" \/>\n<script type=\"application\/ld+json\" class=\"yoast-schema-graph\">{\"@context\":\"https:\/\/schema.org\",\"@graph\":[{\"@type\":\"WebPage\",\"@id\":\"https:\/\/www.sindifer-rio.org.br\/sis\/representacao\/\",\"url\":\"https:\/\/www.sindifer-rio.org.br\/sis\/representacao\/\",\"name\":\"Representa\u00e7\u00e3o - Sindifer-Rio\",\"isPartOf\":{\"@id\":\"https:\/\/www.sindifer-rio.org.br\/sis\/#website\"},\"datePublished\":\"2019-08-07T11:49:50+00:00\",\"dateModified\":\"2024-05-02T19:20:58+00:00\",\"breadcrumb\":{\"@id\":\"https:\/\/www.sindifer-rio.org.br\/sis\/representacao\/#breadcrumb\"},\"inLanguage\":\"pt-BR\",\"potentialAction\":[{\"@type\":\"ReadAction\",\"target\":[\"https:\/\/www.sindifer-rio.org.br\/sis\/representacao\/\"]}]},{\"@type\":\"BreadcrumbList\",\"@id\":\"https:\/\/www.sindifer-rio.org.br\/sis\/representacao\/#breadcrumb\",\"itemListElement\":[{\"@type\":\"ListItem\",\"position\":1,\"name\":\"Home\",\"item\":\"https:\/\/www.sindifer-rio.org.br\/sis\/\"},{\"@type\":\"ListItem\",\"position\":2,\"name\":\"Representa\u00e7\u00e3o\"}]},{\"@type\":\"WebSite\",\"@id\":\"https:\/\/www.sindifer-rio.org.br\/sis\/#website\",\"url\":\"https:\/\/www.sindifer-rio.org.br\/sis\/\",\"name\":\"Sindifer-Rio\",\"description\":\"Sindicato do Com\u00e9rcio Varejista de Maquinismo, Ferragens, Tintas, Lou\u00e7as, Vidros e Materiais para Constru\u00e7\u00e3o a Varejo do Munic\u00edpio do Rio de Janeiro\",\"publisher\":{\"@id\":\"https:\/\/www.sindifer-rio.org.br\/sis\/#organization\"},\"potentialAction\":[{\"@type\":\"SearchAction\",\"target\":{\"@type\":\"EntryPoint\",\"urlTemplate\":\"https:\/\/www.sindifer-rio.org.br\/sis\/?s={search_term_string}\"},\"query-input\":{\"@type\":\"PropertyValueSpecification\",\"valueRequired\":true,\"valueName\":\"search_term_string\"}}],\"inLanguage\":\"pt-BR\"},{\"@type\":\"Organization\",\"@id\":\"https:\/\/www.sindifer-rio.org.br\/sis\/#organization\",\"name\":\"Sindifer-Rio\",\"url\":\"https:\/\/www.sindifer-rio.org.br\/sis\/\",\"logo\":{\"@type\":\"ImageObject\",\"inLanguage\":\"pt-BR\",\"@id\":\"https:\/\/www.sindifer-rio.org.br\/sis\/#\/schema\/logo\/image\/\",\"url\":\"https:\/\/www.sindifer-rio.org.br\/sis\/wp-content\/uploads\/2021\/12\/cropped-Logo-Sindifer-2013-curva-fecomercio_med.jpg\",\"contentUrl\":\"https:\/\/www.sindifer-rio.org.br\/sis\/wp-content\/uploads\/2021\/12\/cropped-Logo-Sindifer-2013-curva-fecomercio_med.jpg\",\"width\":193,\"height\":73,\"caption\":\"Sindifer-Rio\"},\"image\":{\"@id\":\"https:\/\/www.sindifer-rio.org.br\/sis\/#\/schema\/logo\/image\/\"},\"sameAs\":[\"https:\/\/www.instagram.com\/sindiferrio\",\"https:\/\/wa.me\/5521984838085\"]}]}<\/script>\n<!-- \/ Yoast SEO plugin. -->","yoast_head_json":{"title":"Representa\u00e7\u00e3o - Sindifer-Rio","robots":{"index":"index","follow":"follow","max-snippet":"max-snippet:-1","max-image-preview":"max-image-preview:large","max-video-preview":"max-video-preview:-1"},"canonical":"https:\/\/www.sindifer-rio.org.br\/sis\/representacao\/","og_locale":"pt_BR","og_type":"article","og_title":"Representa\u00e7\u00e3o - Sindifer-Rio","og_description":"SINDICATO DO COM\u00c9RCIO VAREJISTA DE MAQUINISMOS, FERRAGENS, TINTAS, LOU\u00c7AS, VIDROS E MATERIAIS PARA CONSTRU\u00c7\u00c3O A VAREJO DO MUNIC\u00cdPIO DO RIO DE JANEIRO CNPJ 33.531.658\/0001-89 DIRETOR PRESIDENTE: Loureci da Fonseca DIRETOR SECRET\u00c1RIO: Sergio Roberto Gomes Sampaio DIRETOR TESOUREIRO: Edgard Francisco dos Santos SUPLENTES: Jayme Ferreira Monteiro Jos\u00e9 Moreira dos Santos CONSELHO FISCAL: Il\u00eddio da Silva Fernandes [&hellip;]","og_url":"https:\/\/www.sindifer-rio.org.br\/sis\/representacao\/","og_site_name":"Sindifer-Rio","article_modified_time":"2024-05-02T19:20:58+00:00","twitter_card":"summary_large_image","schema":{"@context":"https:\/\/schema.org","@graph":[{"@type":"WebPage","@id":"https:\/\/www.sindifer-rio.org.br\/sis\/representacao\/","url":"https:\/\/www.sindifer-rio.org.br\/sis\/representacao\/","name":"Representa\u00e7\u00e3o - Sindifer-Rio","isPartOf":{"@id":"https:\/\/www.sindifer-rio.org.br\/sis\/#website"},"datePublished":"2019-08-07T11:49:50+00:00","dateModified":"2024-05-02T19:20:58+00:00","breadcrumb":{"@id":"https:\/\/www.sindifer-rio.org.br\/sis\/representacao\/#breadcrumb"},"inLanguage":"pt-BR","potentialAction":[{"@type":"ReadAction","target":["https:\/\/www.sindifer-rio.org.br\/sis\/representacao\/"]}]},{"@type":"BreadcrumbList","@id":"https:\/\/www.sindifer-rio.org.br\/sis\/representacao\/#breadcrumb","itemListElement":[{"@type":"ListItem","position":1,"name":"Home","item":"https:\/\/www.sindifer-rio.org.br\/sis\/"},{"@type":"ListItem","position":2,"name":"Representa\u00e7\u00e3o"}]},{"@type":"WebSite","@id":"https:\/\/www.sindifer-rio.org.br\/sis\/#website","url":"https:\/\/www.sindifer-rio.org.br\/sis\/","name":"Sindifer-Rio","description":"Sindicato do Com\u00e9rcio Varejista de Maquinismo, Ferragens, Tintas, Lou\u00e7as, Vidros e Materiais para Constru\u00e7\u00e3o a Varejo do Munic\u00edpio do Rio de Janeiro","publisher":{"@id":"https:\/\/www.sindifer-rio.org.br\/sis\/#organization"},"potentialAction":[{"@type":"SearchAction","target":{"@type":"EntryPoint","urlTemplate":"https:\/\/www.sindifer-rio.org.br\/sis\/?s={search_term_string}"},"query-input":{"@type":"PropertyValueSpecification","valueRequired":true,"valueName":"search_term_string"}}],"inLanguage":"pt-BR"},{"@type":"Organization","@id":"https:\/\/www.sindifer-rio.org.br\/sis\/#organization","name":"Sindifer-Rio","url":"https:\/\/www.sindifer-rio.org.br\/sis\/","logo":{"@type":"ImageObject","inLanguage":"pt-BR","@id":"https:\/\/www.sindifer-rio.org.br\/sis\/#\/schema\/logo\/image\/","url":"https:\/\/www.sindifer-rio.org.br\/sis\/wp-content\/uploads\/2021\/12\/cropped-Logo-Sindifer-2013-curva-fecomercio_med.jpg","contentUrl":"https:\/\/www.sindifer-rio.org.br\/sis\/wp-content\/uploads\/2021\/12\/cropped-Logo-Sindifer-2013-curva-fecomercio_med.jpg","width":193,"height":73,"caption":"Sindifer-Rio"},"image":{"@id":"https:\/\/www.sindifer-rio.org.br\/sis\/#\/schema\/logo\/image\/"},"sameAs":["https:\/\/www.instagram.com\/sindiferrio","https:\/\/wa.me\/5521984838085"]}]}},"_links":{"self":[{"href":"https:\/\/www.sindifer-rio.org.br\/sis\/wp-json\/wp\/v2\/pages\/228","targetHints":{"allow":["GET"]}}],"collection":[{"href":"https:\/\/www.sindifer-rio.org.br\/sis\/wp-json\/wp\/v2\/pages"}],"about":[{"href":"https:\/\/www.sindifer-rio.org.br\/sis\/wp-json\/wp\/v2\/types\/page"}],"author":[{"embeddable":true,"href":"https:\/\/www.sindifer-rio.org.br\/sis\/wp-json\/wp\/v2\/users\/1"}],"replies":[{"embeddable":true,"href":"https:\/\/www.sindifer-rio.org.br\/sis\/wp-json\/wp\/v2\/comments?post=228"}],"version-history":[{"count":0,"href":"https:\/\/www.sindifer-rio.org.br\/sis\/wp-json\/wp\/v2\/pages\/228\/revisions"}],"wp:attachment":[{"href":"https:\/\/www.sindifer-rio.org.br\/sis\/wp-json\/wp\/v2\/media?parent=228"}],"curies":[{"name":"wp","href":"https:\/\/api.w.org\/{rel}","templated":true}]}}