{"id":232,"date":"2019-08-07T08:56:04","date_gmt":"2019-08-07T11:56:04","guid":{"rendered":"https:\/\/www.sindifer-rio.org.br\/sis\/?page_id=232"},"modified":"2024-04-08T13:09:10","modified_gmt":"2024-04-08T16:09:10","slug":"associe-se","status":"publish","type":"page","link":"https:\/\/www.sindifer-rio.org.br\/sis\/associe-se\/","title":{"rendered":"Associe-se"},"content":{"rendered":"\t\t<div data-elementor-type=\"wp-post\" data-elementor-id=\"232\" class=\"elementor elementor-232\">\n\t\t\t\t\t\t<section class=\"elementor-section elementor-top-section elementor-element elementor-element-6c26b5d elementor-section-boxed elementor-section-height-default elementor-section-height-default\" data-id=\"6c26b5d\" data-element_type=\"section\" data-e-type=\"section\">\n\t\t\t\t\t\t<div class=\"elementor-container elementor-column-gap-default\">\n\t\t\t\t\t<div class=\"aux-parallax-section elementor-column elementor-col-100 elementor-top-column elementor-element elementor-element-c17258e\" data-id=\"c17258e\" data-element_type=\"column\" data-e-type=\"column\">\n\t\t\t<div class=\"elementor-widget-wrap elementor-element-populated\">\n\t\t\t\t\t\t<div class=\"elementor-element elementor-element-1db117c aux-appear-watch-animation aux-fade-in-right elementor-widget elementor-widget-aux_modern_heading\" data-id=\"1db117c\" data-element_type=\"widget\" data-e-type=\"widget\" data-widget_type=\"aux_modern_heading.default\">\n\t\t\t\t<div class=\"elementor-widget-container\">\n\t\t\t\t\t<section class=\"aux-widget-modern-heading\">\n            <div class=\"aux-widget-inner\"><h2 class=\"aux-modern-heading-primary\">O SINDIFER-RIO  oferece aos seu associados uma variedade de servi\u00e7os:<\/h2><div class=\"aux-modern-heading-divider\"><\/div><\/div>\n        <\/section>\t\t\t\t<\/div>\n\t\t\t\t<\/div>\n\t\t\t\t<section class=\"elementor-section elementor-inner-section elementor-element elementor-element-03e7f69 elementor-section-boxed elementor-section-height-default elementor-section-height-default\" data-id=\"03e7f69\" data-element_type=\"section\" data-e-type=\"section\">\n\t\t\t\t\t\t<div class=\"elementor-container elementor-column-gap-default\">\n\t\t\t\t\t<div class=\"aux-parallax-section elementor-column elementor-col-50 elementor-inner-column elementor-element elementor-element-4e174f0\" data-id=\"4e174f0\" data-element_type=\"column\" data-e-type=\"column\">\n\t\t\t<div class=\"elementor-widget-wrap elementor-element-populated\">\n\t\t\t\t\t\t<div class=\"elementor-element elementor-element-a8d0c08 aux-appear-watch-animation aux-fade-in elementor-widget elementor-widget-aux_modern_heading\" data-id=\"a8d0c08\" data-element_type=\"widget\" data-e-type=\"widget\" data-widget_type=\"aux_modern_heading.default\">\n\t\t\t\t<div class=\"elementor-widget-container\">\n\t\t\t\t\t<section class=\"aux-widget-modern-heading\">\n            <div class=\"aux-widget-inner\"><h2 class=\"aux-modern-heading-primary\"><\/h2><div class=\"aux-modern-heading-description\"><p>\u2022 Assessoria e Consultoria Jur\u00eddica;<\/p><p>\u2022 Assessoramento em diss\u00eddios da categoria;<\/p><p>\u2022 Acordo de Trabalho nos Feriados;<\/p><p>\u2022 Acordo de Trabalho nos Domingos;<\/p><p>\u2022 Acordo de Banco de Horas;<\/p><p>\u2022 Medicina Ocupacional - PCMSO e PPRA;<\/p><p>\u2022 Curso SENAC;<\/p><p>\u2022 Palestras - Capacita\u00e7\u00e3o Empresarial;<\/p><p>\u2022 Plano de Sa\u00fade<\/p><p>\u2022 Divulga\u00e7\u00e3o de Atos publicados nos Di\u00e1rios Oficiais e na Imprensa Comum;<\/p><p>\u00a0<\/p><\/div><\/div>\n        <\/section>\t\t\t\t<\/div>\n\t\t\t\t<\/div>\n\t\t\t\t\t<\/div>\n\t\t<\/div>\n\t\t\t\t<div class=\"aux-parallax-section elementor-column elementor-col-50 elementor-inner-column elementor-element elementor-element-783f0c0\" data-id=\"783f0c0\" data-element_type=\"column\" data-e-type=\"column\">\n\t\t\t<div class=\"elementor-widget-wrap elementor-element-populated\">\n\t\t\t\t\t\t<div class=\"elementor-element elementor-element-83ba4a2 elementor-widget elementor-widget-image\" data-id=\"83ba4a2\" data-element_type=\"widget\" data-e-type=\"widget\" data-widget_type=\"image.default\">\n\t\t\t\t<div class=\"elementor-widget-container\">\n\t\t\t\t\t\t\t\t\t\t\t\t\t\t\t<img fetchpriority=\"high\" decoding=\"async\" width=\"1024\" height=\"1024\" src=\"https:\/\/www.sindifer-rio.org.br\/sis\/wp-content\/uploads\/2024\/04\/Associe-se-v2-1024x1024.jpg\" class=\"attachment-large size-large wp-image-1449\" alt=\"Associe-se\" srcset=\"https:\/\/www.sindifer-rio.org.br\/sis\/wp-content\/uploads\/2024\/04\/Associe-se-v2-1024x1024.jpg 1024w, https:\/\/www.sindifer-rio.org.br\/sis\/wp-content\/uploads\/2024\/04\/Associe-se-v2-300x300.jpg 300w, https:\/\/www.sindifer-rio.org.br\/sis\/wp-content\/uploads\/2024\/04\/Associe-se-v2-150x150.jpg 150w, https:\/\/www.sindifer-rio.org.br\/sis\/wp-content\/uploads\/2024\/04\/Associe-se-v2-768x768.jpg 768w\" sizes=\"(max-width: 1024px) 100vw, 1024px\" \/>\t\t\t\t\t\t\t\t\t\t\t\t\t\t\t<\/div>\n\t\t\t\t<\/div>\n\t\t\t\t\t<\/div>\n\t\t<\/div>\n\t\t\t\t\t<\/div>\n\t\t<\/section>\n\t\t\t\t\t<\/div>\n\t\t<\/div>\n\t\t\t\t\t<\/div>\n\t\t<\/section>\n\t\t\t\t<\/div>\n\t\t","protected":false},"excerpt":{"rendered":"<p>O SINDIFER-RIO oferece aos seu associados uma variedade de servi\u00e7os: \u2022 Assessoria e Consultoria Jur\u00eddica; \u2022 Assessoramento em diss\u00eddios da categoria; \u2022 Acordo de Trabalho nos Feriados; \u2022 Acordo de Trabalho nos Domingos; \u2022 Acordo de Banco de Horas; \u2022 Medicina Ocupacional &#8211; PCMSO e PPRA; \u2022 Curso SENAC; \u2022 Palestras &#8211; Capacita\u00e7\u00e3o Empresarial; \u2022 [&hellip;]<\/p>\n","protected":false},"author":1,"featured_media":0,"parent":0,"menu_order":0,"comment_status":"closed","ping_status":"closed","template":"","meta":{"_joinchat":[],"footnotes":""},"class_list":["post-232","page","type-page","status-publish","hentry"],"yoast_head":"<!-- This site is optimized with the Yoast SEO plugin v27.5 - https:\/\/yoast.com\/product\/yoast-seo-wordpress\/ -->\n<title>Associe-se - Sindifer-Rio<\/title>\n<meta name=\"robots\" content=\"index, follow, max-snippet:-1, max-image-preview:large, max-video-preview:-1\" \/>\n<link rel=\"canonical\" href=\"https:\/\/www.sindifer-rio.org.br\/sis\/associe-se\/\" \/>\n<meta property=\"og:locale\" content=\"pt_BR\" \/>\n<meta property=\"og:type\" content=\"article\" \/>\n<meta property=\"og:title\" content=\"Associe-se - Sindifer-Rio\" \/>\n<meta property=\"og:description\" content=\"O SINDIFER-RIO oferece aos seu associados uma variedade de servi\u00e7os: \u2022 Assessoria e Consultoria Jur\u00eddica; \u2022 Assessoramento em diss\u00eddios da categoria; \u2022 Acordo de Trabalho nos Feriados; \u2022 Acordo de Trabalho nos Domingos; \u2022 Acordo de Banco de Horas; \u2022 Medicina Ocupacional &#8211; PCMSO e PPRA; \u2022 Curso SENAC; \u2022 Palestras &#8211; Capacita\u00e7\u00e3o Empresarial; \u2022 [&hellip;]\" \/>\n<meta property=\"og:url\" content=\"https:\/\/www.sindifer-rio.org.br\/sis\/associe-se\/\" \/>\n<meta property=\"og:site_name\" content=\"Sindifer-Rio\" \/>\n<meta property=\"article:modified_time\" content=\"2024-04-08T16:09:10+00:00\" \/>\n<meta property=\"og:image\" content=\"https:\/\/www.sindifer-rio.org.br\/sis\/wp-content\/uploads\/2019\/08\/Associe-se.jpg\" \/>\n<meta name=\"twitter:card\" content=\"summary_large_image\" \/>\n<script type=\"application\/ld+json\" class=\"yoast-schema-graph\">{\"@context\":\"https:\\\/\\\/schema.org\",\"@graph\":[{\"@type\":\"WebPage\",\"@id\":\"https:\\\/\\\/www.sindifer-rio.org.br\\\/sis\\\/associe-se\\\/\",\"url\":\"https:\\\/\\\/www.sindifer-rio.org.br\\\/sis\\\/associe-se\\\/\",\"name\":\"Associe-se - Sindifer-Rio\",\"isPartOf\":{\"@id\":\"https:\\\/\\\/www.sindifer-rio.org.br\\\/sis\\\/#website\"},\"primaryImageOfPage\":{\"@id\":\"https:\\\/\\\/www.sindifer-rio.org.br\\\/sis\\\/associe-se\\\/#primaryimage\"},\"image\":{\"@id\":\"https:\\\/\\\/www.sindifer-rio.org.br\\\/sis\\\/associe-se\\\/#primaryimage\"},\"thumbnailUrl\":\"https:\\\/\\\/www.sindifer-rio.org.br\\\/sis\\\/wp-content\\\/uploads\\\/2024\\\/04\\\/Associe-se-v2-1024x1024.jpg\",\"datePublished\":\"2019-08-07T11:56:04+00:00\",\"dateModified\":\"2024-04-08T16:09:10+00:00\",\"breadcrumb\":{\"@id\":\"https:\\\/\\\/www.sindifer-rio.org.br\\\/sis\\\/associe-se\\\/#breadcrumb\"},\"inLanguage\":\"pt-BR\",\"potentialAction\":[{\"@type\":\"ReadAction\",\"target\":[\"https:\\\/\\\/www.sindifer-rio.org.br\\\/sis\\\/associe-se\\\/\"]}]},{\"@type\":\"ImageObject\",\"inLanguage\":\"pt-BR\",\"@id\":\"https:\\\/\\\/www.sindifer-rio.org.br\\\/sis\\\/associe-se\\\/#primaryimage\",\"url\":\"https:\\\/\\\/www.sindifer-rio.org.br\\\/sis\\\/wp-content\\\/uploads\\\/2024\\\/04\\\/Associe-se-v2.jpg\",\"contentUrl\":\"https:\\\/\\\/www.sindifer-rio.org.br\\\/sis\\\/wp-content\\\/uploads\\\/2024\\\/04\\\/Associe-se-v2.jpg\",\"width\":1475,\"height\":2000,\"caption\":\"Associe-se\"},{\"@type\":\"BreadcrumbList\",\"@id\":\"https:\\\/\\\/www.sindifer-rio.org.br\\\/sis\\\/associe-se\\\/#breadcrumb\",\"itemListElement\":[{\"@type\":\"ListItem\",\"position\":1,\"name\":\"Home\",\"item\":\"https:\\\/\\\/www.sindifer-rio.org.br\\\/sis\\\/\"},{\"@type\":\"ListItem\",\"position\":2,\"name\":\"Associe-se\"}]},{\"@type\":\"WebSite\",\"@id\":\"https:\\\/\\\/www.sindifer-rio.org.br\\\/sis\\\/#website\",\"url\":\"https:\\\/\\\/www.sindifer-rio.org.br\\\/sis\\\/\",\"name\":\"Sindifer-Rio\",\"description\":\"Sindicato do Com\u00e9rcio Varejista de Maquinismo, Ferragens, Tintas, Lou\u00e7as, Vidros e Materiais para Constru\u00e7\u00e3o a Varejo do Munic\u00edpio do Rio de Janeiro\",\"publisher\":{\"@id\":\"https:\\\/\\\/www.sindifer-rio.org.br\\\/sis\\\/#organization\"},\"potentialAction\":[{\"@type\":\"SearchAction\",\"target\":{\"@type\":\"EntryPoint\",\"urlTemplate\":\"https:\\\/\\\/www.sindifer-rio.org.br\\\/sis\\\/?s={search_term_string}\"},\"query-input\":{\"@type\":\"PropertyValueSpecification\",\"valueRequired\":true,\"valueName\":\"search_term_string\"}}],\"inLanguage\":\"pt-BR\"},{\"@type\":\"Organization\",\"@id\":\"https:\\\/\\\/www.sindifer-rio.org.br\\\/sis\\\/#organization\",\"name\":\"Sindifer-Rio\",\"url\":\"https:\\\/\\\/www.sindifer-rio.org.br\\\/sis\\\/\",\"logo\":{\"@type\":\"ImageObject\",\"inLanguage\":\"pt-BR\",\"@id\":\"https:\\\/\\\/www.sindifer-rio.org.br\\\/sis\\\/#\\\/schema\\\/logo\\\/image\\\/\",\"url\":\"https:\\\/\\\/www.sindifer-rio.org.br\\\/sis\\\/wp-content\\\/uploads\\\/2021\\\/12\\\/cropped-Logo-Sindifer-2013-curva-fecomercio_med.jpg\",\"contentUrl\":\"https:\\\/\\\/www.sindifer-rio.org.br\\\/sis\\\/wp-content\\\/uploads\\\/2021\\\/12\\\/cropped-Logo-Sindifer-2013-curva-fecomercio_med.jpg\",\"width\":193,\"height\":73,\"caption\":\"Sindifer-Rio\"},\"image\":{\"@id\":\"https:\\\/\\\/www.sindifer-rio.org.br\\\/sis\\\/#\\\/schema\\\/logo\\\/image\\\/\"},\"sameAs\":[\"https:\\\/\\\/www.instagram.com\\\/sindiferrio\",\"https:\\\/\\\/wa.me\\\/5521984838085\"]}]}<\/script>\n<!-- \/ Yoast SEO plugin. -->","yoast_head_json":{"title":"Associe-se - Sindifer-Rio","robots":{"index":"index","follow":"follow","max-snippet":"max-snippet:-1","max-image-preview":"max-image-preview:large","max-video-preview":"max-video-preview:-1"},"canonical":"https:\/\/www.sindifer-rio.org.br\/sis\/associe-se\/","og_locale":"pt_BR","og_type":"article","og_title":"Associe-se - Sindifer-Rio","og_description":"O SINDIFER-RIO oferece aos seu associados uma variedade de servi\u00e7os: \u2022 Assessoria e Consultoria Jur\u00eddica; \u2022 Assessoramento em diss\u00eddios da categoria; \u2022 Acordo de Trabalho nos Feriados; \u2022 Acordo de Trabalho nos Domingos; \u2022 Acordo de Banco de Horas; \u2022 Medicina Ocupacional &#8211; PCMSO e PPRA; \u2022 Curso SENAC; \u2022 Palestras &#8211; Capacita\u00e7\u00e3o Empresarial; \u2022 [&hellip;]","og_url":"https:\/\/www.sindifer-rio.org.br\/sis\/associe-se\/","og_site_name":"Sindifer-Rio","article_modified_time":"2024-04-08T16:09:10+00:00","og_image":[{"url":"https:\/\/www.sindifer-rio.org.br\/sis\/wp-content\/uploads\/2019\/08\/Associe-se.jpg","type":"","width":"","height":""}],"twitter_card":"summary_large_image","schema":{"@context":"https:\/\/schema.org","@graph":[{"@type":"WebPage","@id":"https:\/\/www.sindifer-rio.org.br\/sis\/associe-se\/","url":"https:\/\/www.sindifer-rio.org.br\/sis\/associe-se\/","name":"Associe-se - Sindifer-Rio","isPartOf":{"@id":"https:\/\/www.sindifer-rio.org.br\/sis\/#website"},"primaryImageOfPage":{"@id":"https:\/\/www.sindifer-rio.org.br\/sis\/associe-se\/#primaryimage"},"image":{"@id":"https:\/\/www.sindifer-rio.org.br\/sis\/associe-se\/#primaryimage"},"thumbnailUrl":"https:\/\/www.sindifer-rio.org.br\/sis\/wp-content\/uploads\/2024\/04\/Associe-se-v2-1024x1024.jpg","datePublished":"2019-08-07T11:56:04+00:00","dateModified":"2024-04-08T16:09:10+00:00","breadcrumb":{"@id":"https:\/\/www.sindifer-rio.org.br\/sis\/associe-se\/#breadcrumb"},"inLanguage":"pt-BR","potentialAction":[{"@type":"ReadAction","target":["https:\/\/www.sindifer-rio.org.br\/sis\/associe-se\/"]}]},{"@type":"ImageObject","inLanguage":"pt-BR","@id":"https:\/\/www.sindifer-rio.org.br\/sis\/associe-se\/#primaryimage","url":"https:\/\/www.sindifer-rio.org.br\/sis\/wp-content\/uploads\/2024\/04\/Associe-se-v2.jpg","contentUrl":"https:\/\/www.sindifer-rio.org.br\/sis\/wp-content\/uploads\/2024\/04\/Associe-se-v2.jpg","width":1475,"height":2000,"caption":"Associe-se"},{"@type":"BreadcrumbList","@id":"https:\/\/www.sindifer-rio.org.br\/sis\/associe-se\/#breadcrumb","itemListElement":[{"@type":"ListItem","position":1,"name":"Home","item":"https:\/\/www.sindifer-rio.org.br\/sis\/"},{"@type":"ListItem","position":2,"name":"Associe-se"}]},{"@type":"WebSite","@id":"https:\/\/www.sindifer-rio.org.br\/sis\/#website","url":"https:\/\/www.sindifer-rio.org.br\/sis\/","name":"Sindifer-Rio","description":"Sindicato do Com\u00e9rcio Varejista de Maquinismo, Ferragens, Tintas, Lou\u00e7as, Vidros e Materiais para Constru\u00e7\u00e3o a Varejo do Munic\u00edpio do Rio de Janeiro","publisher":{"@id":"https:\/\/www.sindifer-rio.org.br\/sis\/#organization"},"potentialAction":[{"@type":"SearchAction","target":{"@type":"EntryPoint","urlTemplate":"https:\/\/www.sindifer-rio.org.br\/sis\/?s={search_term_string}"},"query-input":{"@type":"PropertyValueSpecification","valueRequired":true,"valueName":"search_term_string"}}],"inLanguage":"pt-BR"},{"@type":"Organization","@id":"https:\/\/www.sindifer-rio.org.br\/sis\/#organization","name":"Sindifer-Rio","url":"https:\/\/www.sindifer-rio.org.br\/sis\/","logo":{"@type":"ImageObject","inLanguage":"pt-BR","@id":"https:\/\/www.sindifer-rio.org.br\/sis\/#\/schema\/logo\/image\/","url":"https:\/\/www.sindifer-rio.org.br\/sis\/wp-content\/uploads\/2021\/12\/cropped-Logo-Sindifer-2013-curva-fecomercio_med.jpg","contentUrl":"https:\/\/www.sindifer-rio.org.br\/sis\/wp-content\/uploads\/2021\/12\/cropped-Logo-Sindifer-2013-curva-fecomercio_med.jpg","width":193,"height":73,"caption":"Sindifer-Rio"},"image":{"@id":"https:\/\/www.sindifer-rio.org.br\/sis\/#\/schema\/logo\/image\/"},"sameAs":["https:\/\/www.instagram.com\/sindiferrio","https:\/\/wa.me\/5521984838085"]}]}},"_links":{"self":[{"href":"https:\/\/www.sindifer-rio.org.br\/sis\/wp-json\/wp\/v2\/pages\/232","targetHints":{"allow":["GET"]}}],"collection":[{"href":"https:\/\/www.sindifer-rio.org.br\/sis\/wp-json\/wp\/v2\/pages"}],"about":[{"href":"https:\/\/www.sindifer-rio.org.br\/sis\/wp-json\/wp\/v2\/types\/page"}],"author":[{"embeddable":true,"href":"https:\/\/www.sindifer-rio.org.br\/sis\/wp-json\/wp\/v2\/users\/1"}],"replies":[{"embeddable":true,"href":"https:\/\/www.sindifer-rio.org.br\/sis\/wp-json\/wp\/v2\/comments?post=232"}],"version-history":[{"count":0,"href":"https:\/\/www.sindifer-rio.org.br\/sis\/wp-json\/wp\/v2\/pages\/232\/revisions"}],"wp:attachment":[{"href":"https:\/\/www.sindifer-rio.org.br\/sis\/wp-json\/wp\/v2\/media?parent=232"}],"curies":[{"name":"wp","href":"https:\/\/api.w.org\/{rel}","templated":true}]}}