{"id":3,"date":"2019-07-30T15:04:29","date_gmt":"2019-07-30T18:04:29","guid":{"rendered":"https:\/\/www.sindifer-rio.org.br\/sis\/?page_id=3"},"modified":"2024-04-11T15:24:18","modified_gmt":"2024-04-11T18:24:18","slug":"politica-de-privacidade","status":"publish","type":"page","link":"https:\/\/www.sindifer-rio.org.br\/sis\/politica-de-privacidade\/","title":{"rendered":"Pol\u00edtica de privacidade"},"content":{"rendered":"\r\n<h3 class=\"s1 wp-block-heading\">AVISO DE PRIVACIDADE \u2013 WEBSITE sindifer-rio.org.br<\/h3>\r\n<h4>1. INFORMA\u00c7\u00d5ES GERAIS<\/h4>\r\n<p>O SINDIFER-RIO tem o compromisso de respeitar e resguardar a privacidade e os dados pessoais daqueles com que se relaciona, nesse sentido, esclarece que coleta e utiliza alguns dados pessoais para a presta\u00e7\u00e3o dos seus servi\u00e7os seja de forma presencial ou atrav\u00e9s do website (www.sindifer-rio.org.br) em observ\u00e2ncia \u00e0 Lei n\u00ba 13.709\/2018 &#8211; Lei Geral de Prote\u00e7\u00e3o de Dados Pessoais \u2013 LGPD, e demais normas aplic\u00e1veis.<\/p>\r\n<p>Disponibilizamos este Aviso de Privacidade, contendo informa\u00e7\u00f5es e esclarecimentos importantes sobre como ocorre o tratamento dos seus dados pessoais que s\u00e3o fornecidos ao sindicato, de acordo com o comprometimento e transpar\u00eancia que nos \u00e9 caracter\u00edstico.<\/p>\r\n<p><strong>Caso voc\u00ea n\u00e3o concorde com o conte\u00fado do presente Aviso de Privacidade, recomenda-se que a navega\u00e7\u00e3o neste website seja interrompida, e que da mesma forma n\u00e3o seja feito o download dos materiais dispon\u00edveis e\/ou utiliza\u00e7\u00e3o dos servi\u00e7os dispon\u00edveis no sindicato.<\/strong><\/p>\r\n<p>Leia com aten\u00e7\u00e3o este Aviso de Privacidade, ressaltando que \u00e9 importante que seja lido em conjunto com o Aviso de Cookies.<\/p>\r\n<h4>2. DEFINI\u00c7\u00d5ES IMPORTANTES DA LGPD<\/h4>\r\n<p>A Lei n\u00ba 13.709\/2018 \u2013 Lei Geral de Prote\u00e7\u00e3o de Dados Pessoais \u2013 \u201cLGPD\u201d tem como objetivo proteger os dados pessoais de uma pessoa natural que esteja no Brasil, tamb\u00e9m conhecida como titular de dados pessoais.<\/p>\r\n<p>A lei traz alguns conceitos novos, dentre eles duas categorias de dados pessoais: \u201cdado pessoal\u201d e \u201cdado pessoalsens\u00edvel\u201d. Para facilitar o seu entendimento, leia atabela abaixo com as principais defini\u00e7\u00f5es:<\/p>\r\n<table cellspacing=\"0\">\r\n<tbody>\r\n<tr>\r\n<td>\r\n<p class=\"s4\">Dado Pessoal<\/p>\r\n<\/td>\r\n<td>\r\n<p class=\"s4\">Qualquer dado que identifique ou torne identific\u00e1vel uma pessoa natural.<\/p>\r\n<\/td>\r\n<\/tr>\r\n<tr>\r\n<td>\r\n<p class=\"s4\">Dado Pessoal Sens\u00edvel<\/p>\r\n<\/td>\r\n<td>\r\n<p class=\"s4\">Aquele que, por sua natureza, diz respeito \u00e0s informa\u00e7\u00f5es que merecem um cuidado maior, principalmente para prote\u00e7\u00e3o contra discrimina\u00e7\u00f5es, tais como, origem racial ou \u00e9tnica, convic\u00e7\u00e3o religiosa, opini\u00e3o pol\u00edtica, filia\u00e7\u00e3o a sindicato ou a organiza\u00e7\u00e3o de car\u00e1ter religioso, filos\u00f3fico ou pol\u00edtico, dado referente \u00e0 sa\u00fade ou \u00e0 vida sexual, dado gen\u00e9tico ou biom\u00e9trico, quando vinculado a uma pessoa natural.<\/p>\r\n<\/td>\r\n<\/tr>\r\n<tr>\r\n<td>\r\n<p class=\"s4\">Titular dos Dados<\/p>\r\n<\/td>\r\n<td>\r\n<p class=\"s4\">Pessoa natural a quem os dados pessoais se referem.<\/p>\r\n<\/td>\r\n<\/tr>\r\n<tr>\r\n<td>\r\n<p class=\"s4\">Controlador<\/p>\r\n<\/td>\r\n<td>\r\n<p class=\"s4\">Pessoa natural ou jur\u00eddica a quem compete decidir sobre o tratamento de dados pessoais em seu poder.<\/p>\r\n<\/td>\r\n<\/tr>\r\n<tr>\r\n<td>\r\n<p class=\"s4\">Operador<\/p>\r\n<\/td>\r\n<td>\r\n<p class=\"s4\">Pessoa natural ou jur\u00eddica que realiza o tratamentode dados pessoais em nome e de acordo com as orienta\u00e7\u00f5es do controlador.<\/p>\r\n<\/td>\r\n<\/tr>\r\n<tr>\r\n<td>\r\n<p class=\"s4\">Suboperador<\/p>\r\n<\/td>\r\n<td>\r\n<p class=\"s4\">Qualquer pessoa que auxilia o operador a realizar o tratamento de dados pessoais em nome do controlador.<\/p>\r\n<\/td>\r\n<\/tr>\r\n<tr>\r\n<td>\r\n<p class=\"s4\">Tratamento<\/p>\r\n<\/td>\r\n<td>\r\n<p class=\"s4\">Todas as atividades que o\u00a0<span class=\"s5\">SINDIFER-RIO\u00a0<\/span>exerce em rela\u00e7\u00e3o aos dados pessoais, incluindo, mas n\u00e3o se limitando \u00e0s seguintes: coleta, armazenamento, uso e compartilhamento.<\/p>\r\n<\/td>\r\n<\/tr>\r\n<tr>\r\n<td>\r\n<p class=\"s4\">Hip\u00f3teses Legais<\/p>\r\n<\/td>\r\n<td>\r\n<p class=\"s4\">Hip\u00f3teses legais que autorizam o\u00a0<span class=\"s5\">SINDIFER-RIO\u00a0<\/span>a tratar os dados pessoais, podendo ser o seu consentimento, cumprimento de uma obriga\u00e7\u00e3o legal ou regulat\u00f3ria, execu\u00e7\u00e3o de contrato, por exemplo.<\/p>\r\n<\/td>\r\n<\/tr>\r\n<\/tbody>\r\n<\/table>\r\n<h4>3. TRATAMENTO DE DADOS PESSOAIS<\/h4>\r\n<p>Tratamento de dados pessoais diz respeito a toda opera\u00e7\u00e3o realizada com os dados pessoais como as que se referem a coleta, produ\u00e7\u00e3o, recep\u00e7\u00e3o, classifica\u00e7\u00e3o, utiliza\u00e7\u00e3o, acesso, reprodu\u00e7\u00e3o, transmiss\u00e3o, distribui\u00e7\u00e3o, processamento, arquivamento, armazenamento, elimina\u00e7\u00e3o, avalia\u00e7\u00e3o ou controle da informa\u00e7\u00e3o, modifica\u00e7\u00e3o, comunica\u00e7\u00e3o, transfer\u00eancia, difus\u00e3o ou extra\u00e7\u00e3o, nos termos do inciso X do artigo 5\u00ba da LGPD.<\/p>\r\n<p>Alguns dados pessoais podem ser coletados ao utilizar o nosso website atrav\u00e9s, por exemplo, da aba \u201cFale Conosco\u201d.<\/p>\r\n<p>Para realizar o tratamento dos dados pessoais aqui mencionados, nos responsabilizamos em faz\u00ea-lo apenas com a autoriza\u00e7\u00e3o de uma das hip\u00f3teses legais dispostas na LGPD para estar de acordo com a finalidade prevista neste Aviso.<\/p>\r\n<h4>4. FINALIDADES PARA A COLETA E TRATAMENTO DOS DADOS PESSOAIS<\/h4>\r\n<p>O SINDIFER-RIO, em conformidade com a LGPD s\u00f3 coleta dados pessoais com uma finalidade espec\u00edfica, evitando, assim, a coleta para fins gen\u00e9ricos.<\/p>\r\n<p>Podemos coletar alguns dados pessoais seus de acordo com a forma como voc\u00ea se relaciona em nosso website ou atrav\u00e9s do nosso atendimento presencial no nosso endere\u00e7o f\u00edsico, como, por exemplo:<\/p>\r\n<table cellspacing=\"0\">\r\n<tbody>\r\n<tr>\r\n<td>\r\n<p class=\"s7\"><strong>Dados Coletados<\/strong><\/p>\r\n<\/td>\r\n<td>\r\n<p class=\"s7\" style=\"text-align: left;\"><strong>Finalidades<\/strong><\/p>\r\n<\/td>\r\n<\/tr>\r\n<tr>\r\n<td>\r\n<p class=\"s5\">Dados pessoais fornecidos no seu curr\u00edculo, como, por exemplo, nome, e- mail, telefone.<\/p>\r\n<\/td>\r\n<td>\r\n<ul id=\"l2\">\r\n<li class=\"s5\">Recebimento de curr\u00edculo;<\/li>\r\n<li class=\"s5\">Entrar em contato com o candidato \u00e0 vaga.<\/li>\r\n<\/ul>\r\n<\/td>\r\n<\/tr>\r\n<tr>\r\n<td>\r\n<p class=\"s5\">Imagens em v\u00eddeos capturadas em CFTV.<\/p>\r\n<\/td>\r\n<td>\r\n<ul>\r\n<li class=\"s5\">Monitorar os nossos ambientes f\u00edsicos, para dar maior seguran\u00e7a aos nossos colaboradores e clientes.<\/li>\r\n<\/ul>\r\n<\/td>\r\n<\/tr>\r\n<tr>\r\n<td>\r\n<p class=\"s5\">Nome e e-mail.<\/p>\r\n<\/td>\r\n<td>\r\n<ul>\r\n<li class=\"s5\">Resposta aos contatos realizados atrav\u00e9s no nosso website.<\/li>\r\n<\/ul>\r\n<\/td>\r\n<\/tr>\r\n<tr>\r\n<td>\r\n<p class=\"s5\">Nome completo, data de nascimento, RG, CPF, telefone e e-mail.<\/p>\r\n<\/td>\r\n<td>\r\n<ul>\r\n<li class=\"s5\">S\u00f3cio\/diretor\/preposto da empresa para preenchimento da proposta de associa\u00e7\u00e3o.<\/li>\r\n<\/ul>\r\n<\/td>\r\n<\/tr>\r\n<tr>\r\n<td>\r\n<p class=\"s5\">CPF<\/p>\r\n<\/td>\r\n<td>\r\n<ul>\r\n<li class=\"s5\">Emiss\u00e3o de guias.<\/li>\r\n<\/ul>\r\n<\/td>\r\n<\/tr>\r\n<\/tbody>\r\n<\/table>\r\n<h4>5. COMPARTILHAMENTO DOS DADOS PESSOAIS<\/h4>\r\n<p>\u00c9 muito importante que voc\u00ea entenda que se encontrar links de p\u00e1ginas de terceiros dentro do nosso website, recomendamos que verifique o Aviso de Privacidade das respectivas p\u00e1ginas, uma vez que o SINDIFER-RIO n\u00e3o \u00e9 respons\u00e1vel pelo tratamento de dados pessoais realizado por tais websites.<\/p>\r\n<p>O sindicato n\u00e3o comercializa os dados pessoais dos seus usu\u00e1rios, entretanto, para viabilizar a presta\u00e7\u00e3o de servi\u00e7os oferecidos, poder\u00e1 compartilhar os dados pessoais com terceiros, como, por exemplo:<\/p>\r\n<ul id=\"l3\">\r\n<li>Provedores de softwares e outras tecnologias da informa\u00e7\u00e3o para fins de gest\u00e3o do seu relacionamento conosco, cadastro e armazenamento de documenta\u00e7\u00e3o e demais provid\u00eancias;\r\n<\/li>\r\n<li>\r\n<p>Parceiros comerciais, bem como outros prestadores de servi\u00e7os contratados pelo SINDIFER-RIO para ajudar a melhorar ou facilitar os servi\u00e7os do sindicato, como, por exemplo os apresentados no website do sindicato na aba &#8220;Produtos e servi\u00e7os&#8221;.<\/p>\r\n<\/li>\r\n<li>\r\n<p>\u00d3rg\u00e3os reguladores e demais autoridades administrativas e judiciais.<\/p>\r\n<\/li>\r\n<\/ul>\r\n<p>Em todas as hip\u00f3teses, o SINDIFER-RIO informa que compartilhar\u00e1 de forma estrita os dados pessoais que se fizerem necess\u00e1rios ao cumprimento da respectiva finalidade ou atendimento da respectiva ordem espec\u00edfica, dentro das hip\u00f3teses legais, exigindo a aplica\u00e7\u00e3o das devidas salvaguardas, conforme o caso.<\/p>\r\n<h4>6. DIREITOS DOS TITULARES<\/h4>\r\n<p>A prote\u00e7\u00e3o de dados pessoais \u00e9 muito importante para n\u00f3s. Nos termos do artigo 18 da Lei Geral de Prote\u00e7\u00e3o de Dados Pessoais, o Titular poder\u00e1, de maneira gratuita e a qualquer tempo:<\/p>\r\n<table cellspacing=\"0\">\r\n<tbody>\r\n<tr>\r\n<td>\r\n<p class=\"s5\">Confirma\u00e7\u00e3o da Exist\u00eancia<\/p>\r\n<\/td>\r\n<\/tr>\r\n<tr>\r\n<td>\r\n<p class=\"s5\">Acesso aos Dados<\/p>\r\n<\/td>\r\n<\/tr>\r\n<tr>\r\n<td>\r\n<p class=\"s5\">Corre\u00e7\u00e3o de Dados incompletos, inexatos ou desatualizados<\/p>\r\n<\/td>\r\n<\/tr>\r\n<tr>\r\n<td>\r\n<p class=\"s5\">Anonimiza\u00e7\u00e3o, bloqueio ou elimina\u00e7\u00e3o de dados desnecess\u00e1rios, excessivos ou tratados em desconformidade \u00e0 LGPD<\/p>\r\n<\/td>\r\n<\/tr>\r\n<tr>\r\n<td>\r\n<p class=\"s5\">Portabilidade dos Dados<\/p>\r\n<\/td>\r\n<\/tr>\r\n<tr>\r\n<td>\r\n<p class=\"s5\">Elimina\u00e7\u00e3o dos Dados tratados com o consentimento<\/p>\r\n<\/td>\r\n<\/tr>\r\n<tr>\r\n<td>\r\n<p class=\"s5\">Revoga\u00e7\u00e3o do Consentimento<\/p>\r\n<\/td>\r\n<\/tr>\r\n<tr>\r\n<td>\r\n<p class=\"s5\">Oposi\u00e7\u00e3o ao Tratamento de Dados<\/p>\r\n<\/td>\r\n<\/tr>\r\n<tr>\r\n<td>\r\n<p class=\"s5\">Informa\u00e7\u00e3o ao Uso Compartilhado de Dados<\/p>\r\n<\/td>\r\n<\/tr>\r\n<tr>\r\n<td>\r\n<p class=\"s5\">Apresentar reclama\u00e7\u00f5es ou den\u00fancias perante o Controlador ou Autoridade Nacional de Prote\u00e7\u00e3o de Dados &#8211; \u201cANPD\u201d<\/p>\r\n<\/td>\r\n<\/tr>\r\n<\/tbody>\r\n<\/table>\r\n<p>Os direitos ser\u00e3o exercidos mediante requerimento expresso do titular ou de representante legalmente constitu\u00eddo, a qualquer tempo e de modo gratuito.<\/p>\r\n<p>De forma a garantir a sua correta identifica\u00e7\u00e3o como Titular objeto dasolicita\u00e7\u00e3o, solicitaremos documentos ou demais comprova\u00e7\u00f5es que possam comprovar sua identidade. Nesta hip\u00f3tese, informaremos previamente.<\/p>\r\n<p>Frisamos ainda que as solicita\u00e7\u00f5es poder\u00e3o serrejeitadas, nos casos previstos no artigo 16 da LGPD, por motivos legais dispostos em outras leis vigentes ou por impossibilidade de comprova\u00e7\u00e3o da identidade ou poderes de representa\u00e7\u00e3o do solicitante.<\/p>\r\n<h4>7. DEVERES DOS TITULARES<\/h4>\r\n<p>O Titular \u00e9 respons\u00e1vel pela veracidade, exatid\u00e3o e confirma\u00e7\u00e3o dos dados pessoais, incluindo dados pessoais sens\u00edveis, por ele informados ao SINDIFER-RIO por qualquer meio.<\/p>\r\n<p>O SINDIFER-RIO n\u00e3o se responsabiliza por eventuais viola\u00e7\u00f5es \u00e0 Privacidade e \u00e0 Prote\u00e7\u00e3o dos Dados Pessoais por a\u00e7\u00e3o ou omiss\u00e3o do pr\u00f3prio Titular.<\/p>\r\n<p>O Titular \u00e9 respons\u00e1vel por adotar em seus dispositivos, todas as medidas de seguran\u00e7a necess\u00e1rias, de modo que o sindicato n\u00e3o se responsabiliza por eventuais viola\u00e7\u00f5es \u00e0 Privacidade e \u00e0 Prote\u00e7\u00e3o de Dados Pessoais do Titular, se decorrentes desta falta de dilig\u00eancia.<\/p>\r\n<h4>8. ARMAZENAMENTO DOS DADOS PESSOAIS<\/h4>\r\n<p>Os dados pessoais coletados pelo SINDIFER-RIO ser\u00e3o utilizados e armazenados para a presta\u00e7\u00e3o de servi\u00e7o ou para as finalidades apresentadas no presente Aviso, considerando os direitos dos titulares.<\/p>\r\n<p>O sindicato adota medidas adequadas e razo\u00e1veis de seguran\u00e7ae organizacionais para preservar todos os dados pessoais que s\u00e3o coletados e tratados por n\u00f3s.<\/p>\r\n<p>Os dados pessoais coletados ser\u00e3o exclu\u00eddos dos nossos sistemas quando n\u00e3o forem mais necess\u00e1rios para a finalidade pela qual foram obtidos, salvo se necess\u00e1rio para cumprimento de obriga\u00e7\u00e3o legal ou regulat\u00f3ria de acordo com a legisla\u00e7\u00e3o aplic\u00e1vel, como o caso da Lei n\u00ba 13.709\/2018 e para o exerc\u00edcio de direito em processos judiciais ou administrativos.<\/p>\r\n<h4>9. MEDIDAS DE SEGURAN\u00c7A<\/h4>\r\n<p>O SINDIFER-RIO observa os padr\u00f5es de seguran\u00e7a necess\u00e1rios \u00e0 preven\u00e7\u00e3o e remedia\u00e7\u00e3o do acesso desautorizado aos dados pessoais, empregando os meios aplic\u00e1veis e padr\u00f5es de seguran\u00e7a recomendados para proteg\u00ea-los, na medida em que forem t\u00e9cnica e operacionalmente vi\u00e1veis.<\/p>\r\n<p>Para a garantia da seguran\u00e7a, ser\u00e3o adotadas solu\u00e7\u00f5es que levem em considera\u00e7\u00e3o: as t\u00e9cnicas adequadas, os custos de aplica\u00e7\u00e3o, a natureza, o \u00e2mbito, o contexto e as finalidades do tratamento, bem como os riscos para os direitos e liberdades do usu\u00e1rio.<\/p>\r\n<p>Por\u00e9m, nenhum m\u00e9todo de armazenamento \u00e9 absolutamente seguro e livre de riscos e por isso, apesar de todos os nossos protocolos de seguran\u00e7a, podem ocorrer problemas ocasionados exclusivamente por terceiros, falhas t\u00e9cnicas, ataques cibern\u00e9ticos, v\u00edrus ou em decorr\u00eancia da neglig\u00eancia ou imprud\u00eancia do pr\u00f3prio titular.<\/p>\r\n<p>Esclarecemos que se for identificada e comprovada qualquer atividade ou tentativa que atinja a seguran\u00e7a dos seus dados pessoais ou contrarie as leis relativas ao direito de propriedade intelectual, entre outras, e\/ou as disposi\u00e7\u00f5es apresentadas no presente Aviso, n\u00e3o ser\u00e3o medidos esfor\u00e7os para que o respons\u00e1vel responda legalmente e, quando for o caso, administrativamente.<\/p>\r\n<p>Na hip\u00f3tese de ocorr\u00eancia de incidentes de seguran\u00e7a que possam gerar riscos ou danos ao Titular, tomaremos as provid\u00eancias para remediar as consequ\u00eancias do fato, comunicaremos aos afetados e \u00e0 Autoridade Nacional de Prote\u00e7\u00e3o de Dados sobre o ocorrido, em conson\u00e2ncia com as disposi\u00e7\u00f5es da Lei Geral de Prote\u00e7\u00e3o de Dados Pessoais.<\/p>\r\n<h4>10. ALTERA\u00c7\u00c3O DESTE AVISO DE PRIVACIDADE<\/h4>\r\n<p>O presente Aviso \u00e9 de exclusiva responsabilidade do SINDIFER-RIO e pode ser alterado ou modificado a qualquer tempo, desde que haja necessidade de novas reestrutura\u00e7\u00f5es ou adapta\u00e7\u00f5es a t\u00e9cnicas e procedimentos mais modernos, sempre mantendo-se o grau de confiabilidade e seguran\u00e7a.<\/p>\r\n<p>Por isso, \u00e9 importante que voc\u00ea consulte o documento regularmente para verificar se continua concordando com seus termos antes de seguir com a navega\u00e7\u00e3o ou com o preenchimento de algum recurso do nosso website.<\/p>\r\n<table cellspacing=\"0\">\r\n<tbody>\r\n<tr>\r\n<td colspan=\"4\">\r\n<p class=\"s8\">CONTROLE DE A\u00c7\u00d5ES<\/p>\r\n<\/td>\r\n<\/tr>\r\n<tr>\r\n<td>\r\n<p class=\"s8\">A\u00e7\u00e3o<\/p>\r\n<\/td>\r\n<td>\r\n<p class=\"s8\">Data<\/p>\r\n<\/td>\r\n<td>\r\n<p class=\"s8\">Descri\u00e7\u00e3o<\/p>\r\n<\/td>\r\n<td>\r\n<p class=\"s8\">Realizado por:<\/p>\r\n<\/td>\r\n<\/tr>\r\n<tr>\r\n<td>\r\n<p class=\"s4\">1.0<\/p>\r\n<\/td>\r\n<td>\r\n<p class=\"s4\">18\/09\/2023<\/p>\r\n<\/td>\r\n<td>\r\n<p class=\"s4\">Elabora\u00e7\u00e3o do documento.<\/p>\r\n<\/td>\r\n<td>\r\n<p class=\"s4\">Terra Rocha Advogados.<\/p>\r\n<\/td>\r\n<\/tr>\r\n<tr>\r\n<td colspan=\"2\">\r\n<p class=\"s8\">Classifica\u00e7\u00e3o da Informa\u00e7\u00e3o<\/p>\r\n<\/td>\r\n<td>\r\n<p class=\"s4\">Documento externo elaborado para o SINDIFER-RIO.<\/p>\r\n<\/td>\r\n<\/tr>\r\n<\/tbody>\r\n<\/table>\r\n","protected":false},"excerpt":{"rendered":"<p>AVISO DE PRIVACIDADE \u2013 WEBSITE sindifer-rio.org.br 1. INFORMA\u00c7\u00d5ES GERAIS O SINDIFER-RIO tem o compromisso de respeitar e resguardar a privacidade e os dados pessoais daqueles com que se relaciona, nesse sentido, esclarece que coleta e utiliza alguns dados pessoais para a presta\u00e7\u00e3o dos seus servi\u00e7os seja de forma presencial ou atrav\u00e9s do website (www.sindifer-rio.org.br) em [&hellip;]<\/p>\n","protected":false},"author":1,"featured_media":0,"parent":0,"menu_order":0,"comment_status":"closed","ping_status":"open","template":"","meta":{"_joinchat":[],"footnotes":""},"class_list":["post-3","page","type-page","status-publish","hentry"],"yoast_head":"<!-- This site is optimized with the Yoast SEO plugin v27.2 - https:\/\/yoast.com\/product\/yoast-seo-wordpress\/ -->\n<title>Pol\u00edtica de privacidade - Sindifer-Rio<\/title>\n<meta name=\"robots\" content=\"index, follow, max-snippet:-1, max-image-preview:large, max-video-preview:-1\" \/>\n<link rel=\"canonical\" href=\"https:\/\/www.sindifer-rio.org.br\/sis\/politica-de-privacidade\/\" \/>\n<meta property=\"og:locale\" content=\"pt_BR\" \/>\n<meta property=\"og:type\" content=\"article\" \/>\n<meta property=\"og:title\" content=\"Pol\u00edtica de privacidade - Sindifer-Rio\" \/>\n<meta property=\"og:description\" content=\"AVISO DE PRIVACIDADE \u2013 WEBSITE sindifer-rio.org.br 1. INFORMA\u00c7\u00d5ES GERAIS O SINDIFER-RIO tem o compromisso de respeitar e resguardar a privacidade e os dados pessoais daqueles com que se relaciona, nesse sentido, esclarece que coleta e utiliza alguns dados pessoais para a presta\u00e7\u00e3o dos seus servi\u00e7os seja de forma presencial ou atrav\u00e9s do website (www.sindifer-rio.org.br) em [&hellip;]\" \/>\n<meta property=\"og:url\" content=\"https:\/\/www.sindifer-rio.org.br\/sis\/politica-de-privacidade\/\" \/>\n<meta property=\"og:site_name\" content=\"Sindifer-Rio\" \/>\n<meta property=\"article:modified_time\" content=\"2024-04-11T18:24:18+00:00\" \/>\n<meta name=\"twitter:card\" content=\"summary_large_image\" \/>\n<meta name=\"twitter:label1\" content=\"Est. tempo de leitura\" \/>\n\t<meta name=\"twitter:data1\" content=\"4 minutos\" \/>\n<script type=\"application\/ld+json\" class=\"yoast-schema-graph\">{\"@context\":\"https:\/\/schema.org\",\"@graph\":[{\"@type\":\"WebPage\",\"@id\":\"https:\/\/www.sindifer-rio.org.br\/sis\/politica-de-privacidade\/\",\"url\":\"https:\/\/www.sindifer-rio.org.br\/sis\/politica-de-privacidade\/\",\"name\":\"Pol\u00edtica de privacidade - Sindifer-Rio\",\"isPartOf\":{\"@id\":\"https:\/\/www.sindifer-rio.org.br\/sis\/#website\"},\"datePublished\":\"2019-07-30T18:04:29+00:00\",\"dateModified\":\"2024-04-11T18:24:18+00:00\",\"breadcrumb\":{\"@id\":\"https:\/\/www.sindifer-rio.org.br\/sis\/politica-de-privacidade\/#breadcrumb\"},\"inLanguage\":\"pt-BR\",\"potentialAction\":[{\"@type\":\"ReadAction\",\"target\":[\"https:\/\/www.sindifer-rio.org.br\/sis\/politica-de-privacidade\/\"]}]},{\"@type\":\"BreadcrumbList\",\"@id\":\"https:\/\/www.sindifer-rio.org.br\/sis\/politica-de-privacidade\/#breadcrumb\",\"itemListElement\":[{\"@type\":\"ListItem\",\"position\":1,\"name\":\"Home\",\"item\":\"https:\/\/www.sindifer-rio.org.br\/sis\/\"},{\"@type\":\"ListItem\",\"position\":2,\"name\":\"Pol\u00edtica de privacidade\"}]},{\"@type\":\"WebSite\",\"@id\":\"https:\/\/www.sindifer-rio.org.br\/sis\/#website\",\"url\":\"https:\/\/www.sindifer-rio.org.br\/sis\/\",\"name\":\"Sindifer-Rio\",\"description\":\"Sindicato do Com\u00e9rcio Varejista de Maquinismo, Ferragens, Tintas, Lou\u00e7as, Vidros e Materiais para Constru\u00e7\u00e3o a Varejo do Munic\u00edpio do Rio de Janeiro\",\"publisher\":{\"@id\":\"https:\/\/www.sindifer-rio.org.br\/sis\/#organization\"},\"potentialAction\":[{\"@type\":\"SearchAction\",\"target\":{\"@type\":\"EntryPoint\",\"urlTemplate\":\"https:\/\/www.sindifer-rio.org.br\/sis\/?s={search_term_string}\"},\"query-input\":{\"@type\":\"PropertyValueSpecification\",\"valueRequired\":true,\"valueName\":\"search_term_string\"}}],\"inLanguage\":\"pt-BR\"},{\"@type\":\"Organization\",\"@id\":\"https:\/\/www.sindifer-rio.org.br\/sis\/#organization\",\"name\":\"Sindifer-Rio\",\"url\":\"https:\/\/www.sindifer-rio.org.br\/sis\/\",\"logo\":{\"@type\":\"ImageObject\",\"inLanguage\":\"pt-BR\",\"@id\":\"https:\/\/www.sindifer-rio.org.br\/sis\/#\/schema\/logo\/image\/\",\"url\":\"https:\/\/www.sindifer-rio.org.br\/sis\/wp-content\/uploads\/2021\/12\/cropped-Logo-Sindifer-2013-curva-fecomercio_med.jpg\",\"contentUrl\":\"https:\/\/www.sindifer-rio.org.br\/sis\/wp-content\/uploads\/2021\/12\/cropped-Logo-Sindifer-2013-curva-fecomercio_med.jpg\",\"width\":193,\"height\":73,\"caption\":\"Sindifer-Rio\"},\"image\":{\"@id\":\"https:\/\/www.sindifer-rio.org.br\/sis\/#\/schema\/logo\/image\/\"},\"sameAs\":[\"https:\/\/www.instagram.com\/sindiferrio\",\"https:\/\/wa.me\/5521984838085\"]}]}<\/script>\n<!-- \/ Yoast SEO plugin. -->","yoast_head_json":{"title":"Pol\u00edtica de privacidade - Sindifer-Rio","robots":{"index":"index","follow":"follow","max-snippet":"max-snippet:-1","max-image-preview":"max-image-preview:large","max-video-preview":"max-video-preview:-1"},"canonical":"https:\/\/www.sindifer-rio.org.br\/sis\/politica-de-privacidade\/","og_locale":"pt_BR","og_type":"article","og_title":"Pol\u00edtica de privacidade - Sindifer-Rio","og_description":"AVISO DE PRIVACIDADE \u2013 WEBSITE sindifer-rio.org.br 1. INFORMA\u00c7\u00d5ES GERAIS O SINDIFER-RIO tem o compromisso de respeitar e resguardar a privacidade e os dados pessoais daqueles com que se relaciona, nesse sentido, esclarece que coleta e utiliza alguns dados pessoais para a presta\u00e7\u00e3o dos seus servi\u00e7os seja de forma presencial ou atrav\u00e9s do website (www.sindifer-rio.org.br) em [&hellip;]","og_url":"https:\/\/www.sindifer-rio.org.br\/sis\/politica-de-privacidade\/","og_site_name":"Sindifer-Rio","article_modified_time":"2024-04-11T18:24:18+00:00","twitter_card":"summary_large_image","twitter_misc":{"Est. tempo de leitura":"4 minutos"},"schema":{"@context":"https:\/\/schema.org","@graph":[{"@type":"WebPage","@id":"https:\/\/www.sindifer-rio.org.br\/sis\/politica-de-privacidade\/","url":"https:\/\/www.sindifer-rio.org.br\/sis\/politica-de-privacidade\/","name":"Pol\u00edtica de privacidade - Sindifer-Rio","isPartOf":{"@id":"https:\/\/www.sindifer-rio.org.br\/sis\/#website"},"datePublished":"2019-07-30T18:04:29+00:00","dateModified":"2024-04-11T18:24:18+00:00","breadcrumb":{"@id":"https:\/\/www.sindifer-rio.org.br\/sis\/politica-de-privacidade\/#breadcrumb"},"inLanguage":"pt-BR","potentialAction":[{"@type":"ReadAction","target":["https:\/\/www.sindifer-rio.org.br\/sis\/politica-de-privacidade\/"]}]},{"@type":"BreadcrumbList","@id":"https:\/\/www.sindifer-rio.org.br\/sis\/politica-de-privacidade\/#breadcrumb","itemListElement":[{"@type":"ListItem","position":1,"name":"Home","item":"https:\/\/www.sindifer-rio.org.br\/sis\/"},{"@type":"ListItem","position":2,"name":"Pol\u00edtica de privacidade"}]},{"@type":"WebSite","@id":"https:\/\/www.sindifer-rio.org.br\/sis\/#website","url":"https:\/\/www.sindifer-rio.org.br\/sis\/","name":"Sindifer-Rio","description":"Sindicato do Com\u00e9rcio Varejista de Maquinismo, Ferragens, Tintas, Lou\u00e7as, Vidros e Materiais para Constru\u00e7\u00e3o a Varejo do Munic\u00edpio do Rio de Janeiro","publisher":{"@id":"https:\/\/www.sindifer-rio.org.br\/sis\/#organization"},"potentialAction":[{"@type":"SearchAction","target":{"@type":"EntryPoint","urlTemplate":"https:\/\/www.sindifer-rio.org.br\/sis\/?s={search_term_string}"},"query-input":{"@type":"PropertyValueSpecification","valueRequired":true,"valueName":"search_term_string"}}],"inLanguage":"pt-BR"},{"@type":"Organization","@id":"https:\/\/www.sindifer-rio.org.br\/sis\/#organization","name":"Sindifer-Rio","url":"https:\/\/www.sindifer-rio.org.br\/sis\/","logo":{"@type":"ImageObject","inLanguage":"pt-BR","@id":"https:\/\/www.sindifer-rio.org.br\/sis\/#\/schema\/logo\/image\/","url":"https:\/\/www.sindifer-rio.org.br\/sis\/wp-content\/uploads\/2021\/12\/cropped-Logo-Sindifer-2013-curva-fecomercio_med.jpg","contentUrl":"https:\/\/www.sindifer-rio.org.br\/sis\/wp-content\/uploads\/2021\/12\/cropped-Logo-Sindifer-2013-curva-fecomercio_med.jpg","width":193,"height":73,"caption":"Sindifer-Rio"},"image":{"@id":"https:\/\/www.sindifer-rio.org.br\/sis\/#\/schema\/logo\/image\/"},"sameAs":["https:\/\/www.instagram.com\/sindiferrio","https:\/\/wa.me\/5521984838085"]}]}},"_links":{"self":[{"href":"https:\/\/www.sindifer-rio.org.br\/sis\/wp-json\/wp\/v2\/pages\/3","targetHints":{"allow":["GET"]}}],"collection":[{"href":"https:\/\/www.sindifer-rio.org.br\/sis\/wp-json\/wp\/v2\/pages"}],"about":[{"href":"https:\/\/www.sindifer-rio.org.br\/sis\/wp-json\/wp\/v2\/types\/page"}],"author":[{"embeddable":true,"href":"https:\/\/www.sindifer-rio.org.br\/sis\/wp-json\/wp\/v2\/users\/1"}],"replies":[{"embeddable":true,"href":"https:\/\/www.sindifer-rio.org.br\/sis\/wp-json\/wp\/v2\/comments?post=3"}],"version-history":[{"count":0,"href":"https:\/\/www.sindifer-rio.org.br\/sis\/wp-json\/wp\/v2\/pages\/3\/revisions"}],"wp:attachment":[{"href":"https:\/\/www.sindifer-rio.org.br\/sis\/wp-json\/wp\/v2\/media?parent=3"}],"curies":[{"name":"wp","href":"https:\/\/api.w.org\/{rel}","templated":true}]}}