{"id":387,"date":"2019-08-12T07:57:08","date_gmt":"2019-08-12T10:57:08","guid":{"rendered":"https:\/\/www.sindifer-rio.org.br\/sis\/?page_id=387"},"modified":"2019-09-13T08:21:40","modified_gmt":"2019-09-13T11:21:40","slug":"homologacao-rescisao-contratual","status":"publish","type":"page","link":"https:\/\/www.sindifer-rio.org.br\/sis\/homologacao-rescisao-contratual\/","title":{"rendered":"Homologa\u00e7\u00e3o de Rescis\u00e3o Contratual"},"content":{"rendered":"\t\t<div data-elementor-type=\"wp-post\" data-elementor-id=\"387\" class=\"elementor elementor-387\">\n\t\t\t\t\t\t<section class=\"elementor-section elementor-top-section elementor-element elementor-element-6c26b5d elementor-section-boxed elementor-section-height-default elementor-section-height-default\" data-id=\"6c26b5d\" data-element_type=\"section\" data-e-type=\"section\">\n\t\t\t\t\t\t<div class=\"elementor-container elementor-column-gap-default\">\n\t\t\t\t\t<div class=\"aux-parallax-section elementor-column elementor-col-100 elementor-top-column elementor-element elementor-element-c17258e\" data-id=\"c17258e\" data-element_type=\"column\" data-e-type=\"column\">\n\t\t\t<div class=\"elementor-widget-wrap elementor-element-populated\">\n\t\t\t\t\t\t<div class=\"elementor-element elementor-element-1db117c aux-appear-watch-animation aux-fade-in-right elementor-widget elementor-widget-aux_modern_heading\" data-id=\"1db117c\" data-element_type=\"widget\" data-e-type=\"widget\" data-widget_type=\"aux_modern_heading.default\">\n\t\t\t\t<div class=\"elementor-widget-container\">\n\t\t\t\t\t<section class=\"aux-widget-modern-heading\">\n            <div class=\"aux-widget-inner\"><h2 class=\"aux-modern-heading-primary\">Setor de Homologa\u00e7\u00e3o<\/h2><div class=\"aux-modern-heading-divider\"><\/div><\/div>\n        <\/section>\t\t\t\t<\/div>\n\t\t\t\t<\/div>\n\t\t\t\t<section class=\"elementor-section elementor-inner-section elementor-element elementor-element-03e7f69 elementor-section-boxed elementor-section-height-default elementor-section-height-default\" data-id=\"03e7f69\" data-element_type=\"section\" data-e-type=\"section\">\n\t\t\t\t\t\t<div class=\"elementor-container elementor-column-gap-default\">\n\t\t\t\t\t<div class=\"aux-parallax-section elementor-column elementor-col-50 elementor-inner-column elementor-element elementor-element-4e174f0\" data-id=\"4e174f0\" data-element_type=\"column\" data-e-type=\"column\">\n\t\t\t<div class=\"elementor-widget-wrap elementor-element-populated\">\n\t\t\t\t\t\t<div class=\"elementor-element elementor-element-a8d0c08 aux-appear-watch-animation aux-fade-in elementor-widget elementor-widget-aux_modern_heading\" data-id=\"a8d0c08\" data-element_type=\"widget\" data-e-type=\"widget\" data-widget_type=\"aux_modern_heading.default\">\n\t\t\t\t<div class=\"elementor-widget-container\">\n\t\t\t\t\t<section class=\"aux-widget-modern-heading\">\n            <div class=\"aux-widget-inner\"><h2 class=\"aux-modern-heading-primary\"><\/h2><div class=\"aux-modern-heading-description\"><table border=\"0\" width=\"100%\" cellspacing=\"0\" cellpadding=\"0\"><tbody><tr><td>\u00a0<\/td><td class=\"textosite\"><p><strong>Setor de Homologa\u00e7\u00e3o<\/strong><\/p><p>A extin\u00e7\u00e3o ou rescis\u00e3o do contrato de trabalho, como regra, gera determinados efeitos financeiros. Tais efeitos correspondem a direitos que as normas jur\u00eddicas garantem ao trabalhador e, no caso de morte deste, aos seus dependentes. Quando o contrato extinto tiver sido firmado h\u00e1 mais de um ano, o ato de pagamento e recebimento das verbas rescis\u00f3rias exige uma formalidade especial denominada assist\u00eancia, que confere validade jur\u00eddica aos pagamentos. A assist\u00eancia na extin\u00e7\u00e3o do contrato de trabalho foi prevista inicialmente no art. 500 da CLT, com o objetivo de preservar e garantir a autenticidade do pedido de demiss\u00e3o do trabalhador que gozava de estabilidade no emprego. A partir de 1962, todavia, iniciou-se um ciclo de produ\u00e7\u00e3o legislativa que culminou na extens\u00e3o da obrigatoriedade da assist\u00eancia para todos os contratos de trabalho extintos ap\u00f3s um ano de vig\u00eancia, na fixa\u00e7\u00e3o de prazos para pagamento das verbas rescis\u00f3rias, de penalidades pelo seu descumprimento, bem como na expressa proibi\u00e7\u00e3o de cobran\u00e7a para a presta\u00e7\u00e3o da assist\u00eancia. O objetivo da assist\u00eancia \u00e9, assim, garantir o cumprimento da lei e o efetivo pagamento das verbas rescis\u00f3rias, bem como orientar e esclarecer as partes sobre os direitos e deveres decorrentes do fim da rela\u00e7\u00e3o empregat\u00edcia.<br \/>O Sindifer-Rio, atrav\u00e9s de conv\u00eanio com o Sindicato dos Empregados no Com\u00e9rcio do Rio de Janeiro e em parceria com a Fecom\u00e9rcio-RJ, disponibiliza para os seus associados\/contribuintes um Setor de Homologa\u00e7\u00f5es, assim seus empregados poder\u00e3o ser assistidos no ato da dispensa (rescis\u00e3o de contrato de trabalho) ap\u00f3s 1 ano de trabalho. O agendamento \u00e9 realizado, por telefone, de segunda a sexta-feira, sendo as homologa\u00e7\u00f5es marcadas apenas para segunda, quarta e sexta-feira. As formas de pagamento s\u00e3o: cheque administrativo, dinheiro ou dep\u00f3sito em conta corrente do empregado j\u00e1 compensado.<\/p><p align=\"center\">****** Maiores Informa\u00e7\u00f5es entre em contato com a Secretaria ******<\/p><\/td><\/tr><\/tbody><\/table><\/div><\/div>\n        <\/section>\t\t\t\t<\/div>\n\t\t\t\t<\/div>\n\t\t\t\t\t<\/div>\n\t\t<\/div>\n\t\t\t\t<div class=\"aux-parallax-section elementor-column elementor-col-50 elementor-inner-column elementor-element elementor-element-783f0c0\" data-id=\"783f0c0\" data-element_type=\"column\" data-e-type=\"column\">\n\t\t\t<div class=\"elementor-widget-wrap elementor-element-populated\">\n\t\t\t\t\t\t<div class=\"elementor-element elementor-element-1d43424 elementor-widget elementor-widget-image\" data-id=\"1d43424\" data-element_type=\"widget\" data-e-type=\"widget\" data-widget_type=\"image.default\">\n\t\t\t\t<div class=\"elementor-widget-container\">\n\t\t\t\t\t\t\t\t\t\t\t\t\t\t\t<img fetchpriority=\"high\" decoding=\"async\" width=\"590\" height=\"892\" src=\"https:\/\/www.sindifer-rio.org.br\/sis\/wp-content\/uploads\/2019\/08\/homolog.jpg\" class=\"attachment-large size-large wp-image-388\" alt=\"Homologa\u00e7\u00e3o de Rescis\u00e3o Contratual\" \/>\t\t\t\t\t\t\t\t\t\t\t\t\t\t\t<\/div>\n\t\t\t\t<\/div>\n\t\t\t\t\t<\/div>\n\t\t<\/div>\n\t\t\t\t\t<\/div>\n\t\t<\/section>\n\t\t\t\t\t<\/div>\n\t\t<\/div>\n\t\t\t\t\t<\/div>\n\t\t<\/section>\n\t\t\t\t<\/div>\n\t\t","protected":false},"excerpt":{"rendered":"<p>Setor de Homologa\u00e7\u00e3o Setor de Homologa\u00e7\u00e3o A extin\u00e7\u00e3o ou rescis\u00e3o do contrato de trabalho, como regra, gera determinados efeitos financeiros. Tais efeitos correspondem a direitos que as normas jur\u00eddicas garantem ao trabalhador e, no caso de morte deste, aos seus dependentes. Quando o contrato extinto tiver sido firmado h\u00e1 mais de um ano, o ato [&hellip;]<\/p>\n","protected":false},"author":1,"featured_media":0,"parent":0,"menu_order":0,"comment_status":"closed","ping_status":"closed","template":"","meta":{"_joinchat":[],"footnotes":""},"class_list":["post-387","page","type-page","status-publish","hentry"],"yoast_head":"<!-- This site is optimized with the Yoast SEO plugin v27.2 - https:\/\/yoast.com\/product\/yoast-seo-wordpress\/ -->\n<title>Homologa\u00e7\u00e3o de Rescis\u00e3o Contratual - Sindifer-Rio<\/title>\n<meta name=\"robots\" content=\"index, follow, max-snippet:-1, max-image-preview:large, max-video-preview:-1\" \/>\n<link rel=\"canonical\" href=\"https:\/\/www.sindifer-rio.org.br\/sis\/homologacao-rescisao-contratual\/\" \/>\n<meta property=\"og:locale\" content=\"pt_BR\" \/>\n<meta property=\"og:type\" content=\"article\" \/>\n<meta property=\"og:title\" content=\"Homologa\u00e7\u00e3o de Rescis\u00e3o Contratual - Sindifer-Rio\" \/>\n<meta property=\"og:description\" content=\"Setor de Homologa\u00e7\u00e3o Setor de Homologa\u00e7\u00e3o A extin\u00e7\u00e3o ou rescis\u00e3o do contrato de trabalho, como regra, gera determinados efeitos financeiros. Tais efeitos correspondem a direitos que as normas jur\u00eddicas garantem ao trabalhador e, no caso de morte deste, aos seus dependentes. Quando o contrato extinto tiver sido firmado h\u00e1 mais de um ano, o ato [&hellip;]\" \/>\n<meta property=\"og:url\" content=\"https:\/\/www.sindifer-rio.org.br\/sis\/homologacao-rescisao-contratual\/\" \/>\n<meta property=\"og:site_name\" content=\"Sindifer-Rio\" \/>\n<meta property=\"article:modified_time\" content=\"2019-09-13T11:21:40+00:00\" \/>\n<meta property=\"og:image\" content=\"https:\/\/www.sindifer-rio.org.br\/sis\/wp-content\/uploads\/2019\/08\/homolog.jpg\" \/>\n<meta name=\"twitter:card\" content=\"summary_large_image\" \/>\n<meta name=\"twitter:label1\" content=\"Est. tempo de leitura\" \/>\n\t<meta name=\"twitter:data1\" content=\"2 minutos\" \/>\n<script type=\"application\/ld+json\" class=\"yoast-schema-graph\">{\"@context\":\"https:\/\/schema.org\",\"@graph\":[{\"@type\":\"WebPage\",\"@id\":\"https:\/\/www.sindifer-rio.org.br\/sis\/homologacao-rescisao-contratual\/\",\"url\":\"https:\/\/www.sindifer-rio.org.br\/sis\/homologacao-rescisao-contratual\/\",\"name\":\"Homologa\u00e7\u00e3o de Rescis\u00e3o Contratual - Sindifer-Rio\",\"isPartOf\":{\"@id\":\"https:\/\/www.sindifer-rio.org.br\/sis\/#website\"},\"primaryImageOfPage\":{\"@id\":\"https:\/\/www.sindifer-rio.org.br\/sis\/homologacao-rescisao-contratual\/#primaryimage\"},\"image\":{\"@id\":\"https:\/\/www.sindifer-rio.org.br\/sis\/homologacao-rescisao-contratual\/#primaryimage\"},\"thumbnailUrl\":\"https:\/\/www.sindifer-rio.org.br\/sis\/wp-content\/uploads\/2019\/08\/homolog.jpg\",\"datePublished\":\"2019-08-12T10:57:08+00:00\",\"dateModified\":\"2019-09-13T11:21:40+00:00\",\"breadcrumb\":{\"@id\":\"https:\/\/www.sindifer-rio.org.br\/sis\/homologacao-rescisao-contratual\/#breadcrumb\"},\"inLanguage\":\"pt-BR\",\"potentialAction\":[{\"@type\":\"ReadAction\",\"target\":[\"https:\/\/www.sindifer-rio.org.br\/sis\/homologacao-rescisao-contratual\/\"]}]},{\"@type\":\"ImageObject\",\"inLanguage\":\"pt-BR\",\"@id\":\"https:\/\/www.sindifer-rio.org.br\/sis\/homologacao-rescisao-contratual\/#primaryimage\",\"url\":\"https:\/\/www.sindifer-rio.org.br\/sis\/wp-content\/uploads\/2019\/08\/homolog.jpg\",\"contentUrl\":\"https:\/\/www.sindifer-rio.org.br\/sis\/wp-content\/uploads\/2019\/08\/homolog.jpg\",\"width\":590,\"height\":892,\"caption\":\"Homologa\u00e7\u00e3o de Rescis\u00e3o Contratual\"},{\"@type\":\"BreadcrumbList\",\"@id\":\"https:\/\/www.sindifer-rio.org.br\/sis\/homologacao-rescisao-contratual\/#breadcrumb\",\"itemListElement\":[{\"@type\":\"ListItem\",\"position\":1,\"name\":\"Home\",\"item\":\"https:\/\/www.sindifer-rio.org.br\/sis\/\"},{\"@type\":\"ListItem\",\"position\":2,\"name\":\"Homologa\u00e7\u00e3o de Rescis\u00e3o Contratual\"}]},{\"@type\":\"WebSite\",\"@id\":\"https:\/\/www.sindifer-rio.org.br\/sis\/#website\",\"url\":\"https:\/\/www.sindifer-rio.org.br\/sis\/\",\"name\":\"Sindifer-Rio\",\"description\":\"Sindicato do Com\u00e9rcio Varejista de Maquinismo, Ferragens, Tintas, Lou\u00e7as, Vidros e Materiais para Constru\u00e7\u00e3o a Varejo do Munic\u00edpio do Rio de Janeiro\",\"publisher\":{\"@id\":\"https:\/\/www.sindifer-rio.org.br\/sis\/#organization\"},\"potentialAction\":[{\"@type\":\"SearchAction\",\"target\":{\"@type\":\"EntryPoint\",\"urlTemplate\":\"https:\/\/www.sindifer-rio.org.br\/sis\/?s={search_term_string}\"},\"query-input\":{\"@type\":\"PropertyValueSpecification\",\"valueRequired\":true,\"valueName\":\"search_term_string\"}}],\"inLanguage\":\"pt-BR\"},{\"@type\":\"Organization\",\"@id\":\"https:\/\/www.sindifer-rio.org.br\/sis\/#organization\",\"name\":\"Sindifer-Rio\",\"url\":\"https:\/\/www.sindifer-rio.org.br\/sis\/\",\"logo\":{\"@type\":\"ImageObject\",\"inLanguage\":\"pt-BR\",\"@id\":\"https:\/\/www.sindifer-rio.org.br\/sis\/#\/schema\/logo\/image\/\",\"url\":\"https:\/\/www.sindifer-rio.org.br\/sis\/wp-content\/uploads\/2021\/12\/cropped-Logo-Sindifer-2013-curva-fecomercio_med.jpg\",\"contentUrl\":\"https:\/\/www.sindifer-rio.org.br\/sis\/wp-content\/uploads\/2021\/12\/cropped-Logo-Sindifer-2013-curva-fecomercio_med.jpg\",\"width\":193,\"height\":73,\"caption\":\"Sindifer-Rio\"},\"image\":{\"@id\":\"https:\/\/www.sindifer-rio.org.br\/sis\/#\/schema\/logo\/image\/\"},\"sameAs\":[\"https:\/\/www.instagram.com\/sindiferrio\",\"https:\/\/wa.me\/5521984838085\"]}]}<\/script>\n<!-- \/ Yoast SEO plugin. -->","yoast_head_json":{"title":"Homologa\u00e7\u00e3o de Rescis\u00e3o Contratual - Sindifer-Rio","robots":{"index":"index","follow":"follow","max-snippet":"max-snippet:-1","max-image-preview":"max-image-preview:large","max-video-preview":"max-video-preview:-1"},"canonical":"https:\/\/www.sindifer-rio.org.br\/sis\/homologacao-rescisao-contratual\/","og_locale":"pt_BR","og_type":"article","og_title":"Homologa\u00e7\u00e3o de Rescis\u00e3o Contratual - Sindifer-Rio","og_description":"Setor de Homologa\u00e7\u00e3o Setor de Homologa\u00e7\u00e3o A extin\u00e7\u00e3o ou rescis\u00e3o do contrato de trabalho, como regra, gera determinados efeitos financeiros. Tais efeitos correspondem a direitos que as normas jur\u00eddicas garantem ao trabalhador e, no caso de morte deste, aos seus dependentes. Quando o contrato extinto tiver sido firmado h\u00e1 mais de um ano, o ato [&hellip;]","og_url":"https:\/\/www.sindifer-rio.org.br\/sis\/homologacao-rescisao-contratual\/","og_site_name":"Sindifer-Rio","article_modified_time":"2019-09-13T11:21:40+00:00","og_image":[{"url":"https:\/\/www.sindifer-rio.org.br\/sis\/wp-content\/uploads\/2019\/08\/homolog.jpg","type":"","width":"","height":""}],"twitter_card":"summary_large_image","twitter_misc":{"Est. tempo de leitura":"2 minutos"},"schema":{"@context":"https:\/\/schema.org","@graph":[{"@type":"WebPage","@id":"https:\/\/www.sindifer-rio.org.br\/sis\/homologacao-rescisao-contratual\/","url":"https:\/\/www.sindifer-rio.org.br\/sis\/homologacao-rescisao-contratual\/","name":"Homologa\u00e7\u00e3o de Rescis\u00e3o Contratual - Sindifer-Rio","isPartOf":{"@id":"https:\/\/www.sindifer-rio.org.br\/sis\/#website"},"primaryImageOfPage":{"@id":"https:\/\/www.sindifer-rio.org.br\/sis\/homologacao-rescisao-contratual\/#primaryimage"},"image":{"@id":"https:\/\/www.sindifer-rio.org.br\/sis\/homologacao-rescisao-contratual\/#primaryimage"},"thumbnailUrl":"https:\/\/www.sindifer-rio.org.br\/sis\/wp-content\/uploads\/2019\/08\/homolog.jpg","datePublished":"2019-08-12T10:57:08+00:00","dateModified":"2019-09-13T11:21:40+00:00","breadcrumb":{"@id":"https:\/\/www.sindifer-rio.org.br\/sis\/homologacao-rescisao-contratual\/#breadcrumb"},"inLanguage":"pt-BR","potentialAction":[{"@type":"ReadAction","target":["https:\/\/www.sindifer-rio.org.br\/sis\/homologacao-rescisao-contratual\/"]}]},{"@type":"ImageObject","inLanguage":"pt-BR","@id":"https:\/\/www.sindifer-rio.org.br\/sis\/homologacao-rescisao-contratual\/#primaryimage","url":"https:\/\/www.sindifer-rio.org.br\/sis\/wp-content\/uploads\/2019\/08\/homolog.jpg","contentUrl":"https:\/\/www.sindifer-rio.org.br\/sis\/wp-content\/uploads\/2019\/08\/homolog.jpg","width":590,"height":892,"caption":"Homologa\u00e7\u00e3o de Rescis\u00e3o Contratual"},{"@type":"BreadcrumbList","@id":"https:\/\/www.sindifer-rio.org.br\/sis\/homologacao-rescisao-contratual\/#breadcrumb","itemListElement":[{"@type":"ListItem","position":1,"name":"Home","item":"https:\/\/www.sindifer-rio.org.br\/sis\/"},{"@type":"ListItem","position":2,"name":"Homologa\u00e7\u00e3o de Rescis\u00e3o Contratual"}]},{"@type":"WebSite","@id":"https:\/\/www.sindifer-rio.org.br\/sis\/#website","url":"https:\/\/www.sindifer-rio.org.br\/sis\/","name":"Sindifer-Rio","description":"Sindicato do Com\u00e9rcio Varejista de Maquinismo, Ferragens, Tintas, Lou\u00e7as, Vidros e Materiais para Constru\u00e7\u00e3o a Varejo do Munic\u00edpio do Rio de Janeiro","publisher":{"@id":"https:\/\/www.sindifer-rio.org.br\/sis\/#organization"},"potentialAction":[{"@type":"SearchAction","target":{"@type":"EntryPoint","urlTemplate":"https:\/\/www.sindifer-rio.org.br\/sis\/?s={search_term_string}"},"query-input":{"@type":"PropertyValueSpecification","valueRequired":true,"valueName":"search_term_string"}}],"inLanguage":"pt-BR"},{"@type":"Organization","@id":"https:\/\/www.sindifer-rio.org.br\/sis\/#organization","name":"Sindifer-Rio","url":"https:\/\/www.sindifer-rio.org.br\/sis\/","logo":{"@type":"ImageObject","inLanguage":"pt-BR","@id":"https:\/\/www.sindifer-rio.org.br\/sis\/#\/schema\/logo\/image\/","url":"https:\/\/www.sindifer-rio.org.br\/sis\/wp-content\/uploads\/2021\/12\/cropped-Logo-Sindifer-2013-curva-fecomercio_med.jpg","contentUrl":"https:\/\/www.sindifer-rio.org.br\/sis\/wp-content\/uploads\/2021\/12\/cropped-Logo-Sindifer-2013-curva-fecomercio_med.jpg","width":193,"height":73,"caption":"Sindifer-Rio"},"image":{"@id":"https:\/\/www.sindifer-rio.org.br\/sis\/#\/schema\/logo\/image\/"},"sameAs":["https:\/\/www.instagram.com\/sindiferrio","https:\/\/wa.me\/5521984838085"]}]}},"_links":{"self":[{"href":"https:\/\/www.sindifer-rio.org.br\/sis\/wp-json\/wp\/v2\/pages\/387","targetHints":{"allow":["GET"]}}],"collection":[{"href":"https:\/\/www.sindifer-rio.org.br\/sis\/wp-json\/wp\/v2\/pages"}],"about":[{"href":"https:\/\/www.sindifer-rio.org.br\/sis\/wp-json\/wp\/v2\/types\/page"}],"author":[{"embeddable":true,"href":"https:\/\/www.sindifer-rio.org.br\/sis\/wp-json\/wp\/v2\/users\/1"}],"replies":[{"embeddable":true,"href":"https:\/\/www.sindifer-rio.org.br\/sis\/wp-json\/wp\/v2\/comments?post=387"}],"version-history":[{"count":0,"href":"https:\/\/www.sindifer-rio.org.br\/sis\/wp-json\/wp\/v2\/pages\/387\/revisions"}],"wp:attachment":[{"href":"https:\/\/www.sindifer-rio.org.br\/sis\/wp-json\/wp\/v2\/media?parent=387"}],"curies":[{"name":"wp","href":"https:\/\/api.w.org\/{rel}","templated":true}]}}