{"id":401,"date":"2019-08-12T08:03:23","date_gmt":"2019-08-12T11:03:23","guid":{"rendered":"https:\/\/www.sindifer-rio.org.br\/sis\/?page_id=401"},"modified":"2019-09-13T09:49:24","modified_gmt":"2019-09-13T12:49:24","slug":"medicina-do-trabalho","status":"publish","type":"page","link":"https:\/\/www.sindifer-rio.org.br\/sis\/medicina-do-trabalho\/","title":{"rendered":"Medicina do Trabalho"},"content":{"rendered":"\t\t<div data-elementor-type=\"wp-post\" data-elementor-id=\"401\" class=\"elementor elementor-401\">\n\t\t\t\t\t\t<section class=\"elementor-section elementor-top-section elementor-element elementor-element-6c26b5d elementor-section-boxed elementor-section-height-default elementor-section-height-default\" data-id=\"6c26b5d\" data-element_type=\"section\" data-e-type=\"section\">\n\t\t\t\t\t\t<div class=\"elementor-container elementor-column-gap-default\">\n\t\t\t\t\t<div class=\"aux-parallax-section elementor-column elementor-col-100 elementor-top-column elementor-element elementor-element-c17258e\" data-id=\"c17258e\" data-element_type=\"column\" data-e-type=\"column\">\n\t\t\t<div class=\"elementor-widget-wrap elementor-element-populated\">\n\t\t\t\t\t\t<div class=\"elementor-element elementor-element-1db117c aux-appear-watch-animation aux-fade-in-right elementor-widget elementor-widget-aux_modern_heading\" data-id=\"1db117c\" data-element_type=\"widget\" data-e-type=\"widget\" data-widget_type=\"aux_modern_heading.default\">\n\t\t\t\t<div class=\"elementor-widget-container\">\n\t\t\t\t\t<section class=\"aux-widget-modern-heading\">\n            <div class=\"aux-widget-inner\"><h2 class=\"aux-modern-heading-primary\">Exames m\u00e9dicos<\/h2><div class=\"aux-modern-heading-divider\"><\/div><\/div>\n        <\/section>\t\t\t\t<\/div>\n\t\t\t\t<\/div>\n\t\t\t\t<section class=\"elementor-section elementor-inner-section elementor-element elementor-element-03e7f69 elementor-section-boxed elementor-section-height-default elementor-section-height-default\" data-id=\"03e7f69\" data-element_type=\"section\" data-e-type=\"section\">\n\t\t\t\t\t\t<div class=\"elementor-container elementor-column-gap-default\">\n\t\t\t\t\t<div class=\"aux-parallax-section elementor-column elementor-col-50 elementor-inner-column elementor-element elementor-element-4e174f0\" data-id=\"4e174f0\" data-element_type=\"column\" data-e-type=\"column\">\n\t\t\t<div class=\"elementor-widget-wrap elementor-element-populated\">\n\t\t\t\t\t\t<div class=\"elementor-element elementor-element-a8d0c08 aux-appear-watch-animation aux-fade-in elementor-widget elementor-widget-aux_modern_heading\" data-id=\"a8d0c08\" data-element_type=\"widget\" data-e-type=\"widget\" data-widget_type=\"aux_modern_heading.default\">\n\t\t\t\t<div class=\"elementor-widget-container\">\n\t\t\t\t\t<section class=\"aux-widget-modern-heading\">\n            <div class=\"aux-widget-inner\"><h2 class=\"aux-modern-heading-primary\"><\/h2><div class=\"aux-modern-heading-description\"><p>O PCMSO deve ser institu\u00eddo em empresa sempre articulado com o PPRA e com outras iniciativas que proporcionem melhoria das condi\u00e7\u00f5es de sa\u00fade do trabalhador. O PCMSO tem como objetivo a promo\u00e7\u00e3o e preserva\u00e7\u00e3o da sa\u00fade no conjunto dos trabalhadores, estabelecendo os par\u00e2metros m\u00ednimos a serem observados, os quais, entretanto, poder\u00e3o ser ampliados mediante negocia\u00e7\u00e3o coletiva. A NR (Norma Reguladora) regulamenta os arts. 168 e 169 da CIT. Inteiramente ligado ao que prev\u00ea o art. 198, II, da Constitui\u00e7\u00e3o da Rep\u00fablica, dever\u00e1 o PCMSO ter car\u00e1ter preventivo, mediante rastreamento e diagn\u00f3stico precoce das condi\u00e7\u00f5es agravantes \u00e0 sa\u00fade do trabalhador, pontos estes relacionados ao trabalho, inclusive de natureza subcl\u00ednica de casos de doen\u00e7as profissionais ou danos irrevers\u00edveis \u00e0 sa\u00fade dos trabalhadores. O empregador indicar\u00e1, entre os m\u00e9dicos dos Servi\u00e7os Especializados em Engenharia de Seguran\u00e7a do Trabalho - SESMAT, um coordenador pela execu\u00e7\u00e3o do PCMSO, o qual dever\u00e1 estar familiarizado com as patologias ocupacionais e suas principais causas. Caso a empresa n\u00e3o esteja obrigada a instituir SESMAT, o m\u00e9dico coordenador respons\u00e1vel poder\u00e1 ser contratado para esta finalidade. Este programa dever\u00e1 ser planejado e implantado com base, principalmente, nos riscos \u00e0 sa\u00fade identificados no estabelecimento, obedecendo sempre a um planejamento anual das a\u00e7\u00f5es de sa\u00fade.<\/p><p><strong>NOTA: A FALTA DESSES PROGRAMAS PODER\u00c1 LEV\u00c1-LO A UMA CONDENA\u00c7\u00c3O EM A\u00c7\u00c3O DE RESPONSABILIDADE CIVIL, ACARRETANDO-LHE UMA OBRIGA\u00c7\u00c3O PERP\u00c9TUA OU UMA INDENIZA\u00c7\u00c3O QUE, PELO VALOR E DEPENDENDO DO PORTE DA EMPRESA PODE AT\u00c9 ACARRETAR O ENCERRAMENTO DE SUA ATIVIDADE. <\/strong><\/p><p>O Sindifer-Rio acaba de firmar conv\u00eanio com empresa especializada para a presta\u00e7\u00e3o dos servi\u00e7os m\u00e9dicos ocupacionais, a qual poder\u00e1 ser indicada aos nossos associados.<\/p><\/div><\/div>\n        <\/section>\t\t\t\t<\/div>\n\t\t\t\t<\/div>\n\t\t\t\t<div class=\"elementor-element elementor-element-d231aab elementor-button-info elementor-widget elementor-widget-button\" data-id=\"d231aab\" data-element_type=\"widget\" data-e-type=\"widget\" data-widget_type=\"button.default\">\n\t\t\t\t<div class=\"elementor-widget-container\">\n\t\t\t\t\t\t\t\t\t<div class=\"elementor-button-wrapper\">\n\t\t\t\t\t<a class=\"elementor-button elementor-button-link elementor-size-sm\" href=\"\/sis\/contatos\/\">\n\t\t\t\t\t\t<span class=\"elementor-button-content-wrapper\">\n\t\t\t\t\t\t\t\t\t<span class=\"elementor-button-text\">Fale Conosco<\/span>\n\t\t\t\t\t<\/span>\n\t\t\t\t\t<\/a>\n\t\t\t\t<\/div>\n\t\t\t\t\t\t\t\t<\/div>\n\t\t\t\t<\/div>\n\t\t\t\t\t<\/div>\n\t\t<\/div>\n\t\t\t\t<div class=\"aux-parallax-section elementor-column elementor-col-50 elementor-inner-column elementor-element elementor-element-783f0c0\" data-id=\"783f0c0\" data-element_type=\"column\" data-e-type=\"column\">\n\t\t\t<div class=\"elementor-widget-wrap\">\n\t\t\t\t\t\t\t<\/div>\n\t\t<\/div>\n\t\t\t\t\t<\/div>\n\t\t<\/section>\n\t\t\t\t\t<\/div>\n\t\t<\/div>\n\t\t\t\t\t<\/div>\n\t\t<\/section>\n\t\t\t\t<\/div>\n\t\t","protected":false},"excerpt":{"rendered":"<p>Exames m\u00e9dicos O PCMSO deve ser institu\u00eddo em empresa sempre articulado com o PPRA e com outras iniciativas que proporcionem melhoria das condi\u00e7\u00f5es de sa\u00fade do trabalhador. O PCMSO tem como objetivo a promo\u00e7\u00e3o e preserva\u00e7\u00e3o da sa\u00fade no conjunto dos trabalhadores, estabelecendo os par\u00e2metros m\u00ednimos a serem observados, os quais, entretanto, poder\u00e3o ser ampliados [&hellip;]<\/p>\n","protected":false},"author":1,"featured_media":0,"parent":0,"menu_order":0,"comment_status":"closed","ping_status":"closed","template":"","meta":{"_joinchat":[],"footnotes":""},"class_list":["post-401","page","type-page","status-publish","hentry"],"yoast_head":"<!-- This site is optimized with the Yoast SEO plugin v27.2 - https:\/\/yoast.com\/product\/yoast-seo-wordpress\/ -->\n<title>Medicina do Trabalho - Sindifer-Rio<\/title>\n<meta name=\"robots\" content=\"index, follow, max-snippet:-1, max-image-preview:large, max-video-preview:-1\" \/>\n<link rel=\"canonical\" href=\"https:\/\/www.sindifer-rio.org.br\/sis\/medicina-do-trabalho\/\" \/>\n<meta property=\"og:locale\" content=\"pt_BR\" \/>\n<meta property=\"og:type\" content=\"article\" \/>\n<meta property=\"og:title\" content=\"Medicina do Trabalho - Sindifer-Rio\" \/>\n<meta property=\"og:description\" content=\"Exames m\u00e9dicos O PCMSO deve ser institu\u00eddo em empresa sempre articulado com o PPRA e com outras iniciativas que proporcionem melhoria das condi\u00e7\u00f5es de sa\u00fade do trabalhador. O PCMSO tem como objetivo a promo\u00e7\u00e3o e preserva\u00e7\u00e3o da sa\u00fade no conjunto dos trabalhadores, estabelecendo os par\u00e2metros m\u00ednimos a serem observados, os quais, entretanto, poder\u00e3o ser ampliados [&hellip;]\" \/>\n<meta property=\"og:url\" content=\"https:\/\/www.sindifer-rio.org.br\/sis\/medicina-do-trabalho\/\" \/>\n<meta property=\"og:site_name\" content=\"Sindifer-Rio\" \/>\n<meta property=\"article:modified_time\" content=\"2019-09-13T12:49:24+00:00\" \/>\n<meta name=\"twitter:card\" content=\"summary_large_image\" \/>\n<meta name=\"twitter:label1\" content=\"Est. tempo de leitura\" \/>\n\t<meta name=\"twitter:data1\" content=\"2 minutos\" \/>\n<script type=\"application\/ld+json\" class=\"yoast-schema-graph\">{\"@context\":\"https:\/\/schema.org\",\"@graph\":[{\"@type\":\"WebPage\",\"@id\":\"https:\/\/www.sindifer-rio.org.br\/sis\/medicina-do-trabalho\/\",\"url\":\"https:\/\/www.sindifer-rio.org.br\/sis\/medicina-do-trabalho\/\",\"name\":\"Medicina do Trabalho - Sindifer-Rio\",\"isPartOf\":{\"@id\":\"https:\/\/www.sindifer-rio.org.br\/sis\/#website\"},\"datePublished\":\"2019-08-12T11:03:23+00:00\",\"dateModified\":\"2019-09-13T12:49:24+00:00\",\"breadcrumb\":{\"@id\":\"https:\/\/www.sindifer-rio.org.br\/sis\/medicina-do-trabalho\/#breadcrumb\"},\"inLanguage\":\"pt-BR\",\"potentialAction\":[{\"@type\":\"ReadAction\",\"target\":[\"https:\/\/www.sindifer-rio.org.br\/sis\/medicina-do-trabalho\/\"]}]},{\"@type\":\"BreadcrumbList\",\"@id\":\"https:\/\/www.sindifer-rio.org.br\/sis\/medicina-do-trabalho\/#breadcrumb\",\"itemListElement\":[{\"@type\":\"ListItem\",\"position\":1,\"name\":\"Home\",\"item\":\"https:\/\/www.sindifer-rio.org.br\/sis\/\"},{\"@type\":\"ListItem\",\"position\":2,\"name\":\"Medicina do Trabalho\"}]},{\"@type\":\"WebSite\",\"@id\":\"https:\/\/www.sindifer-rio.org.br\/sis\/#website\",\"url\":\"https:\/\/www.sindifer-rio.org.br\/sis\/\",\"name\":\"Sindifer-Rio\",\"description\":\"Sindicato do Com\u00e9rcio Varejista de Maquinismo, Ferragens, Tintas, Lou\u00e7as, Vidros e Materiais para Constru\u00e7\u00e3o a Varejo do Munic\u00edpio do Rio de Janeiro\",\"publisher\":{\"@id\":\"https:\/\/www.sindifer-rio.org.br\/sis\/#organization\"},\"potentialAction\":[{\"@type\":\"SearchAction\",\"target\":{\"@type\":\"EntryPoint\",\"urlTemplate\":\"https:\/\/www.sindifer-rio.org.br\/sis\/?s={search_term_string}\"},\"query-input\":{\"@type\":\"PropertyValueSpecification\",\"valueRequired\":true,\"valueName\":\"search_term_string\"}}],\"inLanguage\":\"pt-BR\"},{\"@type\":\"Organization\",\"@id\":\"https:\/\/www.sindifer-rio.org.br\/sis\/#organization\",\"name\":\"Sindifer-Rio\",\"url\":\"https:\/\/www.sindifer-rio.org.br\/sis\/\",\"logo\":{\"@type\":\"ImageObject\",\"inLanguage\":\"pt-BR\",\"@id\":\"https:\/\/www.sindifer-rio.org.br\/sis\/#\/schema\/logo\/image\/\",\"url\":\"https:\/\/www.sindifer-rio.org.br\/sis\/wp-content\/uploads\/2021\/12\/cropped-Logo-Sindifer-2013-curva-fecomercio_med.jpg\",\"contentUrl\":\"https:\/\/www.sindifer-rio.org.br\/sis\/wp-content\/uploads\/2021\/12\/cropped-Logo-Sindifer-2013-curva-fecomercio_med.jpg\",\"width\":193,\"height\":73,\"caption\":\"Sindifer-Rio\"},\"image\":{\"@id\":\"https:\/\/www.sindifer-rio.org.br\/sis\/#\/schema\/logo\/image\/\"},\"sameAs\":[\"https:\/\/www.instagram.com\/sindiferrio\",\"https:\/\/wa.me\/5521984838085\"]}]}<\/script>\n<!-- \/ Yoast SEO plugin. -->","yoast_head_json":{"title":"Medicina do Trabalho - Sindifer-Rio","robots":{"index":"index","follow":"follow","max-snippet":"max-snippet:-1","max-image-preview":"max-image-preview:large","max-video-preview":"max-video-preview:-1"},"canonical":"https:\/\/www.sindifer-rio.org.br\/sis\/medicina-do-trabalho\/","og_locale":"pt_BR","og_type":"article","og_title":"Medicina do Trabalho - Sindifer-Rio","og_description":"Exames m\u00e9dicos O PCMSO deve ser institu\u00eddo em empresa sempre articulado com o PPRA e com outras iniciativas que proporcionem melhoria das condi\u00e7\u00f5es de sa\u00fade do trabalhador. O PCMSO tem como objetivo a promo\u00e7\u00e3o e preserva\u00e7\u00e3o da sa\u00fade no conjunto dos trabalhadores, estabelecendo os par\u00e2metros m\u00ednimos a serem observados, os quais, entretanto, poder\u00e3o ser ampliados [&hellip;]","og_url":"https:\/\/www.sindifer-rio.org.br\/sis\/medicina-do-trabalho\/","og_site_name":"Sindifer-Rio","article_modified_time":"2019-09-13T12:49:24+00:00","twitter_card":"summary_large_image","twitter_misc":{"Est. tempo de leitura":"2 minutos"},"schema":{"@context":"https:\/\/schema.org","@graph":[{"@type":"WebPage","@id":"https:\/\/www.sindifer-rio.org.br\/sis\/medicina-do-trabalho\/","url":"https:\/\/www.sindifer-rio.org.br\/sis\/medicina-do-trabalho\/","name":"Medicina do Trabalho - Sindifer-Rio","isPartOf":{"@id":"https:\/\/www.sindifer-rio.org.br\/sis\/#website"},"datePublished":"2019-08-12T11:03:23+00:00","dateModified":"2019-09-13T12:49:24+00:00","breadcrumb":{"@id":"https:\/\/www.sindifer-rio.org.br\/sis\/medicina-do-trabalho\/#breadcrumb"},"inLanguage":"pt-BR","potentialAction":[{"@type":"ReadAction","target":["https:\/\/www.sindifer-rio.org.br\/sis\/medicina-do-trabalho\/"]}]},{"@type":"BreadcrumbList","@id":"https:\/\/www.sindifer-rio.org.br\/sis\/medicina-do-trabalho\/#breadcrumb","itemListElement":[{"@type":"ListItem","position":1,"name":"Home","item":"https:\/\/www.sindifer-rio.org.br\/sis\/"},{"@type":"ListItem","position":2,"name":"Medicina do Trabalho"}]},{"@type":"WebSite","@id":"https:\/\/www.sindifer-rio.org.br\/sis\/#website","url":"https:\/\/www.sindifer-rio.org.br\/sis\/","name":"Sindifer-Rio","description":"Sindicato do Com\u00e9rcio Varejista de Maquinismo, Ferragens, Tintas, Lou\u00e7as, Vidros e Materiais para Constru\u00e7\u00e3o a Varejo do Munic\u00edpio do Rio de Janeiro","publisher":{"@id":"https:\/\/www.sindifer-rio.org.br\/sis\/#organization"},"potentialAction":[{"@type":"SearchAction","target":{"@type":"EntryPoint","urlTemplate":"https:\/\/www.sindifer-rio.org.br\/sis\/?s={search_term_string}"},"query-input":{"@type":"PropertyValueSpecification","valueRequired":true,"valueName":"search_term_string"}}],"inLanguage":"pt-BR"},{"@type":"Organization","@id":"https:\/\/www.sindifer-rio.org.br\/sis\/#organization","name":"Sindifer-Rio","url":"https:\/\/www.sindifer-rio.org.br\/sis\/","logo":{"@type":"ImageObject","inLanguage":"pt-BR","@id":"https:\/\/www.sindifer-rio.org.br\/sis\/#\/schema\/logo\/image\/","url":"https:\/\/www.sindifer-rio.org.br\/sis\/wp-content\/uploads\/2021\/12\/cropped-Logo-Sindifer-2013-curva-fecomercio_med.jpg","contentUrl":"https:\/\/www.sindifer-rio.org.br\/sis\/wp-content\/uploads\/2021\/12\/cropped-Logo-Sindifer-2013-curva-fecomercio_med.jpg","width":193,"height":73,"caption":"Sindifer-Rio"},"image":{"@id":"https:\/\/www.sindifer-rio.org.br\/sis\/#\/schema\/logo\/image\/"},"sameAs":["https:\/\/www.instagram.com\/sindiferrio","https:\/\/wa.me\/5521984838085"]}]}},"_links":{"self":[{"href":"https:\/\/www.sindifer-rio.org.br\/sis\/wp-json\/wp\/v2\/pages\/401","targetHints":{"allow":["GET"]}}],"collection":[{"href":"https:\/\/www.sindifer-rio.org.br\/sis\/wp-json\/wp\/v2\/pages"}],"about":[{"href":"https:\/\/www.sindifer-rio.org.br\/sis\/wp-json\/wp\/v2\/types\/page"}],"author":[{"embeddable":true,"href":"https:\/\/www.sindifer-rio.org.br\/sis\/wp-json\/wp\/v2\/users\/1"}],"replies":[{"embeddable":true,"href":"https:\/\/www.sindifer-rio.org.br\/sis\/wp-json\/wp\/v2\/comments?post=401"}],"version-history":[{"count":0,"href":"https:\/\/www.sindifer-rio.org.br\/sis\/wp-json\/wp\/v2\/pages\/401\/revisions"}],"wp:attachment":[{"href":"https:\/\/www.sindifer-rio.org.br\/sis\/wp-json\/wp\/v2\/media?parent=401"}],"curies":[{"name":"wp","href":"https:\/\/api.w.org\/{rel}","templated":true}]}}